{"id":971,"date":"2021-12-21T21:19:26","date_gmt":"2021-12-21T21:19:26","guid":{"rendered":"http:\/\/manaraise.com\/tr\/?page_id=971"},"modified":"2022-10-10T06:59:09","modified_gmt":"2022-10-10T06:59:09","slug":"blog","status":"publish","type":"page","link":"https:\/\/manaraise.com\/tr\/blog\/","title":{"rendered":"BLOG"},"content":{"rendered":"\n\n\n<h2>BLOG<\/h2>\n\n\n\n\n\n\n\n\n\n\n\n\n<img decoding=\"async\" src=\"https:\/\/manaraise.com\/tr\/wp-content\/uploads\/sites\/2\/2021\/12\/Adsiz-tasarim-28.png\" alt=\"\">\n<img decoding=\"async\" src=\"https:\/\/manaraise.com\/tr\/wp-content\/uploads\/sites\/2\/2021\/12\/Adsiz-tasarim-27.png\" alt=\"\">\n<img decoding=\"async\" src=\"https:\/\/manaraise.com\/tr\/wp-content\/uploads\/sites\/2\/2021\/12\/Adsiz-tasarim-25.png\" alt=\"\">\n<img decoding=\"async\" src=\"https:\/\/manaraise.com\/tr\/wp-content\/uploads\/sites\/2\/2021\/12\/Adsiz-tasarim-23.png\" alt=\"\">\n<img decoding=\"async\" src=\"https:\/\/manaraise.com\/tr\/wp-content\/uploads\/sites\/2\/2021\/12\/Adsiz-tasarim-24.png\" alt=\"\">\n<img decoding=\"async\" src=\"https:\/\/manaraise.com\/tr\/wp-content\/uploads\/sites\/2\/2022\/01\/Adsiz-tasarim-22.png\" alt=\"\">\n\n\n<img decoding=\"async\" src=\"https:\/\/manaraise.com\/tr\/wp-content\/uploads\/sites\/2\/2021\/12\/Adsiz-tasarim-22.png\" alt=\"\">\n<img decoding=\"async\" src=\"https:\/\/manaraise.com\/tr\/wp-content\/uploads\/sites\/2\/2021\/12\/Adsiz-tasarim-13.png\" alt=\"\">\n<img decoding=\"async\" src=\"https:\/\/manaraise.com\/tr\/wp-content\/uploads\/sites\/2\/2021\/12\/Adsiz-tasarim-12.png\" alt=\"\">\n<img decoding=\"async\" src=\"https:\/\/manaraise.com\/tr\/wp-content\/uploads\/sites\/2\/2021\/12\/Adsiz-tasarim-11.png\">\n<img decoding=\"async\" src=\"https:\/\/manaraise.com\/tr\/wp-content\/uploads\/sites\/2\/2021\/12\/Adsiz-tasarim-8-1.png\" alt=\"\">\n\n\n<img decoding=\"async\" src=\"https:\/\/manaraise.com\/tr\/wp-content\/uploads\/sites\/2\/2021\/12\/Adsiz-tasarim-10-1.png\" alt=\"\">\n<img decoding=\"async\" src=\"https:\/\/manaraise.com\/tr\/wp-content\/uploads\/sites\/2\/2021\/12\/Adsiz-tasarim-11-1.png\" alt=\"\">\n<img decoding=\"async\" src=\"https:\/\/manaraise.com\/tr\/wp-content\/uploads\/sites\/2\/2021\/12\/Adsiz-tasarim-7-1.png\" alt=\"\">\n<img decoding=\"async\" src=\"https:\/\/manaraise.com\/tr\/wp-content\/uploads\/sites\/2\/2021\/12\/Adsiz-tasarim-10.png\" alt=\"\">\n<img decoding=\"async\" src=\"https:\/\/manaraise.com\/tr\/wp-content\/uploads\/sites\/2\/2021\/12\/Adsiz-tasarim-2-1.png\" alt=\"\">\n\n\n\n\n\n\n<img decoding=\"async\" src=\"https:\/\/manaraise.com\/tr\/wp-content\/uploads\/sites\/2\/2022\/10\/Adsiz-tasarim.png\" alt=\"\">\n<img decoding=\"async\" src=\"https:\/\/manaraise.com\/tr\/wp-content\/uploads\/sites\/2\/2021\/12\/Adsiz-tasarim-29.png\" alt=\"\">\n\n\n<img decoding=\"async\" src=\"https:\/\/manaraise.com\/tr\/wp-content\/uploads\/sites\/2\/2021\/12\/Adsiz-tasarim-14.png\">\n<img decoding=\"async\" src=\"https:\/\/manaraise.com\/tr\/wp-content\/uploads\/sites\/2\/2021\/12\/Adsiz-tasarim-8.png\" alt=\"\">\n\n\n<img decoding=\"async\" src=\"https:\/\/manaraise.com\/tr\/wp-content\/uploads\/sites\/2\/2021\/12\/Adsiz-tasarim-16.png\" alt=\"\">\n<img decoding=\"async\" src=\"https:\/\/manaraise.com\/tr\/wp-content\/uploads\/sites\/2\/2021\/12\/Adsiz-tasarim-30-min.png\" alt=\"\">\n\n\n\n\n\n\n","protected":false},"excerpt":{"rendered":"","protected":false},"author":1,"featured_media":0,"parent":0,"menu_order":0,"comment_status":"closed","ping_status":"closed","template":"","meta":{"pagelayer_contact_templates":[],"_pagelayer_content":"","_joinchat":{"telephone":"+447724650680","view":"yes"},"footnotes":""},"class_list":["post-971","page","type-page","status-publish","hentry"],"yoast_head":"<!-- This site is optimized with the Yoast SEO plugin v27.0 - https:\/\/yoast.com\/product\/yoast-seo-wordpress\/ -->\n<title>BLOG - Manaraise<\/title>\n<meta name=\"robots\" content=\"index, follow, max-snippet:-1, max-image-preview:large, max-video-preview:-1\" \/>\n<link rel=\"canonical\" href=\"https:\/\/manaraise.com\/tr\/blog\/\" \/>\n<meta property=\"og:locale\" content=\"en_US\" \/>\n<meta property=\"og:type\" content=\"article\" \/>\n<meta property=\"og:title\" content=\"BLOG - Manaraise\" \/>\n<meta property=\"og:url\" content=\"https:\/\/manaraise.com\/tr\/blog\/\" \/>\n<meta property=\"og:site_name\" content=\"Manaraise\" \/>\n<meta property=\"article:publisher\" content=\"https:\/\/www.facebook.com\/manaraise\" \/>\n<meta property=\"article:modified_time\" content=\"2022-10-10T06:59:09+00:00\" \/>\n<meta property=\"og:image\" content=\"https:\/\/manaraise.com\/tr\/wp-content\/uploads\/sites\/2\/2021\/12\/Adsiz-tasarim-28.png\" \/>\n<meta name=\"twitter:card\" content=\"summary_large_image\" \/>\n<script type=\"application\/ld+json\" class=\"yoast-schema-graph\">{\"@context\":\"https:\/\/schema.org\",\"@graph\":[{\"@type\":\"WebPage\",\"@id\":\"https:\/\/manaraise.com\/tr\/blog\/\",\"url\":\"https:\/\/manaraise.com\/tr\/blog\/\",\"name\":\"BLOG - Manaraise\",\"isPartOf\":{\"@id\":\"https:\/\/manaraise.com\/tr\/#website\"},\"primaryImageOfPage\":{\"@id\":\"https:\/\/manaraise.com\/tr\/blog\/#primaryimage\"},\"image\":{\"@id\":\"https:\/\/manaraise.com\/tr\/blog\/#primaryimage\"},\"thumbnailUrl\":\"https:\/\/manaraise.com\/tr\/wp-content\/uploads\/sites\/2\/2021\/12\/Adsiz-tasarim-28.png\",\"datePublished\":\"2021-12-21T21:19:26+00:00\",\"dateModified\":\"2022-10-10T06:59:09+00:00\",\"breadcrumb\":{\"@id\":\"https:\/\/manaraise.com\/tr\/blog\/#breadcrumb\"},\"inLanguage\":\"en-US\",\"potentialAction\":[{\"@type\":\"ReadAction\",\"target\":[\"https:\/\/manaraise.com\/tr\/blog\/\"]}]},{\"@type\":\"ImageObject\",\"inLanguage\":\"en-US\",\"@id\":\"https:\/\/manaraise.com\/tr\/blog\/#primaryimage\",\"url\":\"https:\/\/manaraise.com\/tr\/wp-content\/uploads\/sites\/2\/2021\/12\/Adsiz-tasarim-28.png\",\"contentUrl\":\"https:\/\/manaraise.com\/tr\/wp-content\/uploads\/sites\/2\/2021\/12\/Adsiz-tasarim-28.png\",\"width\":1280,\"height\":720},{\"@type\":\"BreadcrumbList\",\"@id\":\"https:\/\/manaraise.com\/tr\/blog\/#breadcrumb\",\"itemListElement\":[{\"@type\":\"ListItem\",\"position\":1,\"name\":\"Home\",\"item\":\"https:\/\/manaraise.com\/tr\/\"},{\"@type\":\"ListItem\",\"position\":2,\"name\":\"BLOG\"}]},{\"@type\":\"WebSite\",\"@id\":\"https:\/\/manaraise.com\/tr\/#website\",\"url\":\"https:\/\/manaraise.com\/tr\/\",\"name\":\"Manaraise\",\"description\":\"Manaraise Consultancy | Uluslararas\u0131 E\u011fitim ve Stratejik Dan\u0131\u015fmanl\u0131k\",\"publisher\":{\"@id\":\"https:\/\/manaraise.com\/tr\/#organization\"},\"potentialAction\":[{\"@type\":\"SearchAction\",\"target\":{\"@type\":\"EntryPoint\",\"urlTemplate\":\"https:\/\/manaraise.com\/tr\/?s={search_term_string}\"},\"query-input\":{\"@type\":\"PropertyValueSpecification\",\"valueRequired\":true,\"valueName\":\"search_term_string\"}}],\"inLanguage\":\"en-US\"},{\"@type\":\"Organization\",\"@id\":\"https:\/\/manaraise.com\/tr\/#organization\",\"name\":\"Manaraise\",\"url\":\"https:\/\/manaraise.com\/tr\/\",\"logo\":{\"@type\":\"ImageObject\",\"inLanguage\":\"en-US\",\"@id\":\"https:\/\/manaraise.com\/tr\/#\/schema\/logo\/image\/\",\"url\":\"https:\/\/manaraise.com\/tr\/wp-content\/uploads\/sites\/2\/2026\/03\/1_Fuar_Logo_EduCampusManaraise-1-scaled.png\",\"contentUrl\":\"https:\/\/manaraise.com\/tr\/wp-content\/uploads\/sites\/2\/2026\/03\/1_Fuar_Logo_EduCampusManaraise-1-scaled.png\",\"width\":2560,\"height\":1280,\"caption\":\"Manaraise\"},\"image\":{\"@id\":\"https:\/\/manaraise.com\/tr\/#\/schema\/logo\/image\/\"},\"sameAs\":[\"https:\/\/www.facebook.com\/manaraise\",\"https:\/\/www.instagram.com\/manaraise\"]}]}<\/script>\n<!-- \/ Yoast SEO plugin. -->","yoast_head_json":{"title":"BLOG - Manaraise","robots":{"index":"index","follow":"follow","max-snippet":"max-snippet:-1","max-image-preview":"max-image-preview:large","max-video-preview":"max-video-preview:-1"},"canonical":"https:\/\/manaraise.com\/tr\/blog\/","og_locale":"en_US","og_type":"article","og_title":"BLOG - Manaraise","og_url":"https:\/\/manaraise.com\/tr\/blog\/","og_site_name":"Manaraise","article_publisher":"https:\/\/www.facebook.com\/manaraise","article_modified_time":"2022-10-10T06:59:09+00:00","og_image":[{"url":"https:\/\/manaraise.com\/tr\/wp-content\/uploads\/sites\/2\/2021\/12\/Adsiz-tasarim-28.png","type":"","width":"","height":""}],"twitter_card":"summary_large_image","schema":{"@context":"https:\/\/schema.org","@graph":[{"@type":"WebPage","@id":"https:\/\/manaraise.com\/tr\/blog\/","url":"https:\/\/manaraise.com\/tr\/blog\/","name":"BLOG - Manaraise","isPartOf":{"@id":"https:\/\/manaraise.com\/tr\/#website"},"primaryImageOfPage":{"@id":"https:\/\/manaraise.com\/tr\/blog\/#primaryimage"},"image":{"@id":"https:\/\/manaraise.com\/tr\/blog\/#primaryimage"},"thumbnailUrl":"https:\/\/manaraise.com\/tr\/wp-content\/uploads\/sites\/2\/2021\/12\/Adsiz-tasarim-28.png","datePublished":"2021-12-21T21:19:26+00:00","dateModified":"2022-10-10T06:59:09+00:00","breadcrumb":{"@id":"https:\/\/manaraise.com\/tr\/blog\/#breadcrumb"},"inLanguage":"en-US","potentialAction":[{"@type":"ReadAction","target":["https:\/\/manaraise.com\/tr\/blog\/"]}]},{"@type":"ImageObject","inLanguage":"en-US","@id":"https:\/\/manaraise.com\/tr\/blog\/#primaryimage","url":"https:\/\/manaraise.com\/tr\/wp-content\/uploads\/sites\/2\/2021\/12\/Adsiz-tasarim-28.png","contentUrl":"https:\/\/manaraise.com\/tr\/wp-content\/uploads\/sites\/2\/2021\/12\/Adsiz-tasarim-28.png","width":1280,"height":720},{"@type":"BreadcrumbList","@id":"https:\/\/manaraise.com\/tr\/blog\/#breadcrumb","itemListElement":[{"@type":"ListItem","position":1,"name":"Home","item":"https:\/\/manaraise.com\/tr\/"},{"@type":"ListItem","position":2,"name":"BLOG"}]},{"@type":"WebSite","@id":"https:\/\/manaraise.com\/tr\/#website","url":"https:\/\/manaraise.com\/tr\/","name":"Manaraise","description":"Manaraise Consultancy | Uluslararas\u0131 E\u011fitim ve Stratejik Dan\u0131\u015fmanl\u0131k","publisher":{"@id":"https:\/\/manaraise.com\/tr\/#organization"},"potentialAction":[{"@type":"SearchAction","target":{"@type":"EntryPoint","urlTemplate":"https:\/\/manaraise.com\/tr\/?s={search_term_string}"},"query-input":{"@type":"PropertyValueSpecification","valueRequired":true,"valueName":"search_term_string"}}],"inLanguage":"en-US"},{"@type":"Organization","@id":"https:\/\/manaraise.com\/tr\/#organization","name":"Manaraise","url":"https:\/\/manaraise.com\/tr\/","logo":{"@type":"ImageObject","inLanguage":"en-US","@id":"https:\/\/manaraise.com\/tr\/#\/schema\/logo\/image\/","url":"https:\/\/manaraise.com\/tr\/wp-content\/uploads\/sites\/2\/2026\/03\/1_Fuar_Logo_EduCampusManaraise-1-scaled.png","contentUrl":"https:\/\/manaraise.com\/tr\/wp-content\/uploads\/sites\/2\/2026\/03\/1_Fuar_Logo_EduCampusManaraise-1-scaled.png","width":2560,"height":1280,"caption":"Manaraise"},"image":{"@id":"https:\/\/manaraise.com\/tr\/#\/schema\/logo\/image\/"},"sameAs":["https:\/\/www.facebook.com\/manaraise","https:\/\/www.instagram.com\/manaraise"]}]}},"_links":{"self":[{"href":"https:\/\/manaraise.com\/tr\/wp-json\/wp\/v2\/pages\/971","targetHints":{"allow":["GET"]}}],"collection":[{"href":"https:\/\/manaraise.com\/tr\/wp-json\/wp\/v2\/pages"}],"about":[{"href":"https:\/\/manaraise.com\/tr\/wp-json\/wp\/v2\/types\/page"}],"author":[{"embeddable":true,"href":"https:\/\/manaraise.com\/tr\/wp-json\/wp\/v2\/users\/1"}],"replies":[{"embeddable":true,"href":"https:\/\/manaraise.com\/tr\/wp-json\/wp\/v2\/comments?post=971"}],"version-history":[{"count":186,"href":"https:\/\/manaraise.com\/tr\/wp-json\/wp\/v2\/pages\/971\/revisions"}],"predecessor-version":[{"id":1891,"href":"https:\/\/manaraise.com\/tr\/wp-json\/wp\/v2\/pages\/971\/revisions\/1891"}],"wp:attachment":[{"href":"https:\/\/manaraise.com\/tr\/wp-json\/wp\/v2\/media?parent=971"}],"curies":[{"name":"wp","href":"https:\/\/api.w.org\/{rel}","templated":true}]}}