{"id":802,"date":"2021-02-06T09:13:30","date_gmt":"2021-02-06T09:13:30","guid":{"rendered":"http:\/\/manaraise.com\/tr\/?page_id=802"},"modified":"2021-12-23T14:37:29","modified_gmt":"2021-12-23T14:37:29","slug":"yurt-disi-egitim-danismanligi","status":"publish","type":"page","link":"https:\/\/manaraise.com\/tr\/yurt-disi-egitim-danismanligi\/","title":{"rendered":"YURT DI\u015eI E\u011e\u0130T\u0130M DANI\u015eMANLI\u011eI"},"content":{"rendered":"\n\n\nYurt DI\u015eI E\u011e\u0130T\u0130M DANI\u015eMANLI\u011eI\n\n\n\n\n\n\nYurt DI\u015eI  E\u011e\u0130T\u0130M\n\nG\u00fcn\u00fcm\u00fczde i\u015f d\u00fcnyas\u0131n\u0131n keskin rekabet ko\u015fullar\u0131 bireyleri daha donan\u0131ml\u0131 olarak i\u015f hayat\u0131na ba\u015flamalar\u0131n\u0131 zorunlu k\u0131lmaktad\u0131r.<br><\/div><p><br><\/p><p><br><\/p>\nK\u00fcresel d\u00fcnyan\u0131n ortak dili olan \u0130ngilizce \u00f6\u011frenimi kariyer yolculu\u011funun temelidir. \u0130ngilizcenin sadece okuma ve yazma d\u00fczeyinde kalmas\u0131 ak\u0131c\u0131 konu\u015fma ve dinleme d\u00fczeyinin alt seviyede kalmas\u0131 g\u00fcn\u00fcm\u00fcz i\u015f d\u00fcnyas\u0131 i\u00e7in yeterli de\u011fildir. &#8220;Dinleme, konu\u015fma, okuma ve yazma&#8221; olarak d\u00f6rt grupta da ba\u015far\u0131l\u0131 olunmas\u0131 temel \u015fartt\u0131r.<br><\/div><p><br><\/p><p><br><\/p>\nKariyer yolculu\u011funu kurgularken yurt d\u0131\u015f\u0131nda lisans ya da lisans\u00fcst\u00fc seviyesinde \u00f6\u011frenim g\u00f6rmenin avantajlar\u0131n\u0131n g\u00f6z \u00f6n\u00fcnde bulundurulmas\u0131 \u00f6nemlidir. Art\u0131k d\u00fcnya k\u00fcresel bir k\u00f6y haline gelmi\u015f, internet ve mobil teknolojiler arac\u0131l\u0131\u011f\u0131yla uzaklar yak\u0131n olmu\u015f ve \u00f6\u011frenciler ailelerinden ayr\u0131 bir \u015fekilde tek ba\u015flar\u0131na ama g\u00fcvenli ve aileleri ile irtibatta kalarak kolayl\u0131kla yurt d\u0131\u015f\u0131nda \u00f6\u011frenim g\u00f6rme f\u0131rsat\u0131 bulmu\u015flard\u0131r.<br>\n\n\n<p><span style=\"font-family: Poppins, sans-serif; font-size: 12pt; background-color: transparent;\">Sizin i\u00e7in en uygun yurt d\u0131\u015f\u0131 e\u011fitim se\u00e7eneklerine birlikte karar verelim.<\/span><\/p>\n<p><span style=\"font-family: Poppins, sans-serif; font-size: 12pt; background-color: transparent;\">\u00dcniversite kay\u0131t i\u015flemlerinde de yan\u0131n\u0131zday\u0131z.<\/span><\/p>\n<p><span style=\"font-family: Poppins, sans-serif; font-size: 12pt; background-color: transparent;\">Vize engelini de birlikte a\u015far\u0131z.<\/span><\/p><span style=\"font-size:12.0pt;line-height:107%\"><o:p><\/o:p><\/span>\n<p><span style=\"font-size:12.0pt;line-height:107%;\nfont-family:&quot;Poppins&quot;,sans-serif;mso-ascii-theme-font:minor-latin;mso-fareast-font-family:\nCalibri;mso-fareast-theme-font:minor-latin;mso-hansi-theme-font:minor-latin;\nmso-bidi-font-family:&quot;Times New Roman&quot;;mso-bidi-theme-font:minor-bidi;\nmso-ansi-language:TR;mso-fareast-language:EN-US;mso-bidi-language:AR-SA\">Konaklaman\u0131z\u0131 en g\u00fcvenli ve rahat olacak \u015fekilde planlamak i\u015fimizin bir par\u00e7as\u0131<\/span><\/p><span style=\"font-size:12.0pt;line-height:107%\"><o:p><\/o:p><\/span>\n<p><span style=\"font-size:12.0pt;line-height:107%;\nfont-family:&quot;Poppins&quot;,sans-serif;mso-ascii-theme-font:minor-latin;mso-fareast-font-family:\nCalibri;mso-fareast-theme-font:minor-latin;mso-hansi-theme-font:minor-latin;\nmso-bidi-font-family:&quot;Times New Roman&quot;;mso-bidi-theme-font:minor-bidi;\nmso-ansi-language:TR;mso-fareast-language:EN-US;mso-bidi-language:AR-SA\">Nelerle kar\u015f\u0131lacabilece\u011finiz, yeni bir \u00fclkeye ve okula adapte olmaktan \u00e7ekiniyor musunuz? Merak etmeyin biz size gerekli t\u00fcm \u00f6n bilgileri verece\u011fiz.<o:p><\/o:p><\/span><\/p><span style=\"font-size:12.0pt;line-height:107%\"><o:p><\/o:p><\/span>\n<p><span style=\"font-size:12.0pt;line-height:107%;\nfont-family:&quot;Poppins&quot;,sans-serif;mso-ascii-theme-font:minor-latin;mso-fareast-font-family:\nCalibri;mso-fareast-theme-font:minor-latin;mso-hansi-theme-font:minor-latin;\nmso-bidi-font-family:&quot;Times New Roman&quot;;mso-bidi-theme-font:minor-bidi;\nmso-ansi-language:TR;mso-fareast-language:EN-US;mso-bidi-language:AR-SA\">Sizi havaalan\u0131nda kar\u015f\u0131la\u015fabilecekleriniz, yan\u0131n\u0131za alman\u0131z gerekenler gibi hususlarda da bilgilendiriyoruz.<o:p><\/o:p><\/span><\/p><span style=\"font-size:12.0pt;line-height:107%\"><o:p><\/o:p><\/span>\n<p><span style=\"font-size:12.0pt;line-height:107%;\nfont-family:&quot;Poppins&quot;,sans-serif;mso-ascii-theme-font:minor-latin;mso-fareast-font-family:\nCalibri;mso-fareast-theme-font:minor-latin;mso-hansi-theme-font:minor-latin;\nmso-bidi-font-family:&quot;Times New Roman&quot;;mso-bidi-theme-font:minor-bidi;\nmso-ansi-language:TR;mso-fareast-language:EN-US;mso-bidi-language:AR-SA\">Havaalan\u0131ndan kalaca\u011f\u0131n\u0131z yere nas\u0131l gidece\u011finizi d\u00fc\u015f\u00fcnmenize gerek yok. Sizin i\u00e7in bu planlamay\u0131 yap\u0131yoruz.<o:p><\/o:p><\/span><\/p><span style=\"font-size:12.0pt;line-height:107%\"><o:p><\/o:p><\/span>\n\n\n\n\n\n\n\n\n<h2>Yurt D\u0131\u015f\u0131 E\u011fitim Dan\u0131\u015fmanl\u0131\u011f\u0131n\u0131n Kapsam\u0131<\/h2>\n\n\n\n\n\n\n\n\n\n\n\n\n\n\n\n\n\n\n\n\n\n\n\n\n\n\n\n\n\n\n\n\n\n\n\n","protected":false},"excerpt":{"rendered":"","protected":false},"author":1,"featured_media":0,"parent":0,"menu_order":0,"comment_status":"closed","ping_status":"closed","template":"","meta":{"pagelayer_contact_templates":[],"_pagelayer_content":"","_joinchat":{"telephone":"+447724650680","view":"yes"},"footnotes":""},"class_list":["post-802","page","type-page","status-publish","hentry"],"yoast_head":"<!-- This site is optimized with the Yoast SEO plugin v27.0 - https:\/\/yoast.com\/product\/yoast-seo-wordpress\/ -->\n<title>YURT DI\u015eI E\u011e\u0130T\u0130M DANI\u015eMANLI\u011eI - Manaraise<\/title>\n<meta name=\"robots\" content=\"index, follow, max-snippet:-1, max-image-preview:large, max-video-preview:-1\" \/>\n<link rel=\"canonical\" href=\"https:\/\/manaraise.com\/tr\/yurt-disi-egitim-danismanligi\/\" \/>\n<meta property=\"og:locale\" content=\"en_US\" \/>\n<meta property=\"og:type\" content=\"article\" \/>\n<meta property=\"og:title\" content=\"YURT DI\u015eI E\u011e\u0130T\u0130M DANI\u015eMANLI\u011eI - Manaraise\" \/>\n<meta property=\"og:url\" content=\"https:\/\/manaraise.com\/tr\/yurt-disi-egitim-danismanligi\/\" \/>\n<meta property=\"og:site_name\" content=\"Manaraise\" \/>\n<meta property=\"article:publisher\" content=\"https:\/\/www.facebook.com\/manaraise\" \/>\n<meta property=\"article:modified_time\" content=\"2021-12-23T14:37:29+00:00\" \/>\n<meta property=\"og:image\" content=\"https:\/\/manaraise.com\/tr\/wp-content\/uploads\/sites\/2\/2026\/03\/1_Fuar_Logo_EduCampusManaraise-1-scaled.png\" \/>\n\t<meta property=\"og:image:width\" content=\"2560\" \/>\n\t<meta property=\"og:image:height\" content=\"1280\" \/>\n\t<meta property=\"og:image:type\" content=\"image\/png\" \/>\n<meta name=\"twitter:card\" content=\"summary_large_image\" \/>\n<meta name=\"twitter:label1\" content=\"Est. reading time\" \/>\n\t<meta name=\"twitter:data1\" content=\"2 minutes\" \/>\n<script type=\"application\/ld+json\" class=\"yoast-schema-graph\">{\"@context\":\"https:\/\/schema.org\",\"@graph\":[{\"@type\":\"WebPage\",\"@id\":\"https:\/\/manaraise.com\/tr\/yurt-disi-egitim-danismanligi\/\",\"url\":\"https:\/\/manaraise.com\/tr\/yurt-disi-egitim-danismanligi\/\",\"name\":\"YURT DI\u015eI E\u011e\u0130T\u0130M DANI\u015eMANLI\u011eI - Manaraise\",\"isPartOf\":{\"@id\":\"https:\/\/manaraise.com\/tr\/#website\"},\"datePublished\":\"2021-02-06T09:13:30+00:00\",\"dateModified\":\"2021-12-23T14:37:29+00:00\",\"breadcrumb\":{\"@id\":\"https:\/\/manaraise.com\/tr\/yurt-disi-egitim-danismanligi\/#breadcrumb\"},\"inLanguage\":\"en-US\",\"potentialAction\":[{\"@type\":\"ReadAction\",\"target\":[\"https:\/\/manaraise.com\/tr\/yurt-disi-egitim-danismanligi\/\"]}]},{\"@type\":\"BreadcrumbList\",\"@id\":\"https:\/\/manaraise.com\/tr\/yurt-disi-egitim-danismanligi\/#breadcrumb\",\"itemListElement\":[{\"@type\":\"ListItem\",\"position\":1,\"name\":\"Home\",\"item\":\"https:\/\/manaraise.com\/tr\/\"},{\"@type\":\"ListItem\",\"position\":2,\"name\":\"YURT DI\u015eI E\u011e\u0130T\u0130M DANI\u015eMANLI\u011eI\"}]},{\"@type\":\"WebSite\",\"@id\":\"https:\/\/manaraise.com\/tr\/#website\",\"url\":\"https:\/\/manaraise.com\/tr\/\",\"name\":\"Manaraise\",\"description\":\"Manaraise Consultancy | Uluslararas\u0131 E\u011fitim ve Stratejik Dan\u0131\u015fmanl\u0131k\",\"publisher\":{\"@id\":\"https:\/\/manaraise.com\/tr\/#organization\"},\"potentialAction\":[{\"@type\":\"SearchAction\",\"target\":{\"@type\":\"EntryPoint\",\"urlTemplate\":\"https:\/\/manaraise.com\/tr\/?s={search_term_string}\"},\"query-input\":{\"@type\":\"PropertyValueSpecification\",\"valueRequired\":true,\"valueName\":\"search_term_string\"}}],\"inLanguage\":\"en-US\"},{\"@type\":\"Organization\",\"@id\":\"https:\/\/manaraise.com\/tr\/#organization\",\"name\":\"Manaraise\",\"url\":\"https:\/\/manaraise.com\/tr\/\",\"logo\":{\"@type\":\"ImageObject\",\"inLanguage\":\"en-US\",\"@id\":\"https:\/\/manaraise.com\/tr\/#\/schema\/logo\/image\/\",\"url\":\"https:\/\/manaraise.com\/tr\/wp-content\/uploads\/sites\/2\/2026\/03\/1_Fuar_Logo_EduCampusManaraise-1-scaled.png\",\"contentUrl\":\"https:\/\/manaraise.com\/tr\/wp-content\/uploads\/sites\/2\/2026\/03\/1_Fuar_Logo_EduCampusManaraise-1-scaled.png\",\"width\":2560,\"height\":1280,\"caption\":\"Manaraise\"},\"image\":{\"@id\":\"https:\/\/manaraise.com\/tr\/#\/schema\/logo\/image\/\"},\"sameAs\":[\"https:\/\/www.facebook.com\/manaraise\",\"https:\/\/www.instagram.com\/manaraise\"]}]}<\/script>\n<!-- \/ Yoast SEO plugin. -->","yoast_head_json":{"title":"YURT DI\u015eI E\u011e\u0130T\u0130M DANI\u015eMANLI\u011eI - Manaraise","robots":{"index":"index","follow":"follow","max-snippet":"max-snippet:-1","max-image-preview":"max-image-preview:large","max-video-preview":"max-video-preview:-1"},"canonical":"https:\/\/manaraise.com\/tr\/yurt-disi-egitim-danismanligi\/","og_locale":"en_US","og_type":"article","og_title":"YURT DI\u015eI E\u011e\u0130T\u0130M DANI\u015eMANLI\u011eI - Manaraise","og_url":"https:\/\/manaraise.com\/tr\/yurt-disi-egitim-danismanligi\/","og_site_name":"Manaraise","article_publisher":"https:\/\/www.facebook.com\/manaraise","article_modified_time":"2021-12-23T14:37:29+00:00","og_image":[{"width":2560,"height":1280,"url":"https:\/\/manaraise.com\/tr\/wp-content\/uploads\/sites\/2\/2026\/03\/1_Fuar_Logo_EduCampusManaraise-1-scaled.png","type":"image\/png"}],"twitter_card":"summary_large_image","twitter_misc":{"Est. reading time":"2 minutes"},"schema":{"@context":"https:\/\/schema.org","@graph":[{"@type":"WebPage","@id":"https:\/\/manaraise.com\/tr\/yurt-disi-egitim-danismanligi\/","url":"https:\/\/manaraise.com\/tr\/yurt-disi-egitim-danismanligi\/","name":"YURT DI\u015eI E\u011e\u0130T\u0130M DANI\u015eMANLI\u011eI - Manaraise","isPartOf":{"@id":"https:\/\/manaraise.com\/tr\/#website"},"datePublished":"2021-02-06T09:13:30+00:00","dateModified":"2021-12-23T14:37:29+00:00","breadcrumb":{"@id":"https:\/\/manaraise.com\/tr\/yurt-disi-egitim-danismanligi\/#breadcrumb"},"inLanguage":"en-US","potentialAction":[{"@type":"ReadAction","target":["https:\/\/manaraise.com\/tr\/yurt-disi-egitim-danismanligi\/"]}]},{"@type":"BreadcrumbList","@id":"https:\/\/manaraise.com\/tr\/yurt-disi-egitim-danismanligi\/#breadcrumb","itemListElement":[{"@type":"ListItem","position":1,"name":"Home","item":"https:\/\/manaraise.com\/tr\/"},{"@type":"ListItem","position":2,"name":"YURT DI\u015eI E\u011e\u0130T\u0130M DANI\u015eMANLI\u011eI"}]},{"@type":"WebSite","@id":"https:\/\/manaraise.com\/tr\/#website","url":"https:\/\/manaraise.com\/tr\/","name":"Manaraise","description":"Manaraise Consultancy | Uluslararas\u0131 E\u011fitim ve Stratejik Dan\u0131\u015fmanl\u0131k","publisher":{"@id":"https:\/\/manaraise.com\/tr\/#organization"},"potentialAction":[{"@type":"SearchAction","target":{"@type":"EntryPoint","urlTemplate":"https:\/\/manaraise.com\/tr\/?s={search_term_string}"},"query-input":{"@type":"PropertyValueSpecification","valueRequired":true,"valueName":"search_term_string"}}],"inLanguage":"en-US"},{"@type":"Organization","@id":"https:\/\/manaraise.com\/tr\/#organization","name":"Manaraise","url":"https:\/\/manaraise.com\/tr\/","logo":{"@type":"ImageObject","inLanguage":"en-US","@id":"https:\/\/manaraise.com\/tr\/#\/schema\/logo\/image\/","url":"https:\/\/manaraise.com\/tr\/wp-content\/uploads\/sites\/2\/2026\/03\/1_Fuar_Logo_EduCampusManaraise-1-scaled.png","contentUrl":"https:\/\/manaraise.com\/tr\/wp-content\/uploads\/sites\/2\/2026\/03\/1_Fuar_Logo_EduCampusManaraise-1-scaled.png","width":2560,"height":1280,"caption":"Manaraise"},"image":{"@id":"https:\/\/manaraise.com\/tr\/#\/schema\/logo\/image\/"},"sameAs":["https:\/\/www.facebook.com\/manaraise","https:\/\/www.instagram.com\/manaraise"]}]}},"_links":{"self":[{"href":"https:\/\/manaraise.com\/tr\/wp-json\/wp\/v2\/pages\/802","targetHints":{"allow":["GET"]}}],"collection":[{"href":"https:\/\/manaraise.com\/tr\/wp-json\/wp\/v2\/pages"}],"about":[{"href":"https:\/\/manaraise.com\/tr\/wp-json\/wp\/v2\/types\/page"}],"author":[{"embeddable":true,"href":"https:\/\/manaraise.com\/tr\/wp-json\/wp\/v2\/users\/1"}],"replies":[{"embeddable":true,"href":"https:\/\/manaraise.com\/tr\/wp-json\/wp\/v2\/comments?post=802"}],"version-history":[{"count":30,"href":"https:\/\/manaraise.com\/tr\/wp-json\/wp\/v2\/pages\/802\/revisions"}],"predecessor-version":[{"id":1574,"href":"https:\/\/manaraise.com\/tr\/wp-json\/wp\/v2\/pages\/802\/revisions\/1574"}],"wp:attachment":[{"href":"https:\/\/manaraise.com\/tr\/wp-json\/wp\/v2\/media?parent=802"}],"curies":[{"name":"wp","href":"https:\/\/api.w.org\/{rel}","templated":true}]}}