{"id":75,"date":"2021-01-31T10:45:11","date_gmt":"2021-01-31T10:45:11","guid":{"rendered":"http:\/\/manaraise.com\/tr\/home\/"},"modified":"2026-03-02T16:31:31","modified_gmt":"2026-03-02T16:31:31","slug":"anasayfa","status":"publish","type":"page","link":"https:\/\/manaraise.com\/tr\/","title":{"rendered":"ANASAYFA"},"content":{"rendered":"\n\n\n\n\n\n\nB\u0130Z K\u0130M\u0130Z?\n\n\n\n\n\n<p><span style=\"font-size: 15px; font-family: Poppins, Geneva, sans-serif;\">MANARAISE, y\u0131llar\u0131n getirdi\u011fi tecr\u00fcbeye ve uzmanl\u0131\u011fa dayanarak y\u00f6netim ve e\u011fitim dan\u0131\u015fmanl\u0131\u011f\u0131 \u00fczerinde faaliyetler y\u00fcr\u00fcten bir kurulu\u015ftur.&nbsp;<\/span><\/p><br><p style=\"font-size: 14px;\">\u015eirket Londra merkezli olup \u0130stanbul&#8217;da da bir temsilci\u011fi vard\u0131r.<\/p><br><p style=\"font-size: 14px;\">Y\u00f6netim dan\u0131\u015fmanl\u0131\u011f\u0131 kapsam\u0131nda insan kaynaklar\u0131, stratejik y\u00f6netim ve kurumsalla\u015fma alan\u0131nda faaliyetler y\u00fcr\u00fctmektedir.<\/p><br><p style=\"font-size: 14px;\">Ayr\u0131ca \u015firketlerin ihtiyac\u0131 olan pazar ara\u015ft\u0131rmalar\u0131 ve sekt\u00f6rel raporlar\u0131 haz\u0131rlamaktad\u0131r.&nbsp;<\/p><br><p style=\"font-size: 14px;\">E\u011fitim dan\u0131\u015fmanl\u0131\u011f\u0131 hizmetleri ise kurumsal ve bireysel olarak iki ayr\u0131 ba\u015fl\u0131k alt\u0131nda s\u00fcrd\u00fcr\u00fclmektedir.<\/p><br><p style=\"font-size: 14px;\">Kurumsal e\u011fitim dan\u0131\u015fanl\u0131\u011f\u0131 organizasyonel geli\u015fim i\u00e7in kurumda ihtiya\u00e7 hissedilen alanlar\u0131n tespit edilmesi ve e\u011fitim planlamalar\u0131n\u0131n yap\u0131lmas\u0131d\u0131r.<\/p><br><p style=\"font-size: 14px;\">Bireysel e\u011fitim dan\u0131\u015fmanl\u0131\u011f\u0131 ise \u00f6zellikle yurtd\u0131\u015f\u0131nda lisans ve lisans\u00fcst\u00fc \u00f6\u011frenim g\u00f6rmek isteyenlere dan\u0131\u015fmanl\u0131k yap\u0131lmas\u0131 ve kariyer planlar\u0131n\u0131n belirlenmesidir.<\/p>\n\n\n\n\n\n\n\n\n\nM\u0130SYONUMUZ\n\n\n\n\n\n<p><span style=\"font-size: 15px; font-family: Poppins, Geneva, sans-serif;\">Kurumsal ve bireysel geli\u015fim i\u00e7in etkili, verimli, s\u00fcrd\u00fcr\u00fclebilir ve uygulanabilir hizmetleri ge\u00e7mi\u015f deneyimlerimize ve uzmanl\u0131\u011f\u0131m\u0131za dayanarak h\u0131zl\u0131, g\u00fcvenilir ve azami fayda sa\u011flayacak \u015fekilde nezaketli i\u015fbirli\u011fi felsefesi ile sunmakt\u0131r.<\/span><\/p>\n\n\n\n\n\n\n\n\n\n\n\n\n\nB\u0130Z\u0130 FARKLI KILAN NED\u0130R?\n\n\n\n\n\n\n\n<p><span style=\"font-size: 14px; font-family: Poppins, Geneva, sans-serif;\"> Sekt\u00f6rde y\u0131llard\u0131r y\u00fcr\u00fctt\u00fc\u011f\u00fcm\u00fcz ve sonu\u00e7land\u0131rd\u0131\u011f\u0131m\u0131z \u00e7al\u0131\u015fmalar\u0131n getirdi\u011fi deneyim bizi kendimizden emin k\u0131lmaktad\u0131r.<\/p>\n\n\n\n\n\n<p><span style=\"font-size: 14px; font-family: Poppins, Geneva, sans-serif;\">Yapt\u0131\u011f\u0131m\u0131z \u00e7al\u0131\u015fmalar\u0131n hedefleri, raporlar\u0131 ve de\u011ferlendirmeleri uluslararas\u0131 literat\u00fcrde kabul edilen akademik kaynak ve \u00f6l\u00e7\u00fcmlere dayanamaktad\u0131r.<\/p>\n\n\n\n\n\n<p><span style=\"font-size: 14px; font-family: Poppins, Geneva, sans-serif;\">Tamamlad\u0131\u011f\u0131m\u0131z projelerin sonu\u00e7lar\u0131n\u0131 ve gerek kurumlara gerek ki\u015filere verdi\u011fi faydaya \u015fahit olman\u0131n getirdi\u011fi g\u00fcveni benli\u011fimizde ta\u015f\u0131yoruz.<\/p>\n\n\n\n\n\n\n\n\n\n\n\nH\u0130ZMETLER\u0130M\u0130Z\n\n\n\n\n\n<p [object NamedNodeMap]><span style=\"font-size: 16px; font-family: Poppins, Geneva, sans-serif;\"> Hizmetlerimiz kurum ve ki\u015filerin ihtiya\u00e7lar\u0131na y\u00f6nelik olarak premium kalitede ger\u00e7ekle\u015ftirilmektedir.<\/span><\/p>\n\n\n\n\n\n\n\n\n\n\n\n\n\n\n\n\n\n\n\n\n\n\n\n\n\n\n\n\n\n\n\n\n\n\n\n\n\n\n\n\n\n\n\n\n\nN\u0130\u00c7\u0130N B\u0130Z\u0130 TERC\u0130H ETMEL\u0130S\u0130N\u0130Z?\n\n\n\n\n\n<p [object NamedNodeMap]><span style=\"font-size: 16px; font-family: Poppins, Geneva, sans-serif;\"> Kurumunuzun ve sizin gelece\u011finiz i\u00e7in do\u011fru, uygulanabilir ve \u00f6l\u00e7\u00fclebilir kararlar\u0131\u00a0 al\u0131p gelece\u011fe dair temkinli ama emin ad\u0131mlarla y\u00fcr\u00fcmek istiyorsan\u0131z ilk tercihiniz olmaya aday\u0131z.<\/span><\/p>\n\n\n\n\n\n\n\n\n\n<p><span style=\"font-size: 14px; font-family: Poppins, Geneva, sans-serif;\"> Hizmet verdi\u011fimiz kurum ve ki\u015filere etkili, zaman\u0131nda ve \u00e7\u00f6z\u00fcmc\u00fcl yakla\u015f\u0131m\u0131m\u0131zla arzu ettiklerinden daha iyi sonu\u00e7lara ula\u015fmalar\u0131n\u0131 hedefleriz.&nbsp;<\/p>\n\n\n\n\n\n<p><span style=\"font-size: 14px; font-family: Poppins, Geneva, sans-serif;\"> Sadece i\u00e7inde bulunulan duruma g\u00f6re de\u011fil ge\u00e7mi\u015fi inceleyerek ve gelece\u011fi \u00f6ng\u00f6rerek \u00e7\u00f6z\u00fcmler \u00fcretiriz.<\/p>\n\n\n\n\n\n<p><span style=\"font-size: 14px; font-family: Poppins, Geneva, sans-serif;\"> Alan\u0131nda uzman ekip arkada\u015flar\u0131 ile \u00e7al\u0131\u015f\u0131r, y\u00fcr\u00fctt\u00fc\u011f\u00fcm\u00fcz projelerde tam sorumluluk al\u0131r\u0131z.<\/p>\n\n\n\n\n\n\n\n<p><span style=\"font-size: 14px; font-family: Poppins, Geneva, sans-serif;\">Verdi\u011fimiz vizyoner dan\u0131\u015fmanl\u0131k hizmeti ile dan\u0131\u015fanlar\u0131m\u0131z\u0131 rakiplerini geride b\u0131rakmalar\u0131n\u0131 \u00f6nceleriz.<\/span><\/p>\n\n\n\n\n\n<p><span style=\"font-size: 14px; font-family: Poppins, Geneva, sans-serif;\">Dan\u0131\u015fanlar\u0131m\u0131z\u0131n deste\u011fe her ihtiya\u00e7lar\u0131nda samimi, yap\u0131c\u0131 ve nazik bir uslupla etkile\u015fime ge\u00e7eriz <\/span><\/p>\n\n\n\n\n\n<p><span style=\"font-size: 14px; font-family: Poppins, Geneva, sans-serif;\">Verdi\u011fimiz hizmetten memnuniyet duyulmas\u0131 bizim i\u015f tatminimizdir, en \u00f6nemli motivasyon kayna\u011f\u0131m\u0131zd\u0131r.<\/span><\/p>\n\n\n\n\n\n\n\n\n\n\n\n\n\n\n\n\n\n\n\n\n\n\n\n\n\nS\u0130Z\u0130N \u0130\u00c7\u0130N\n\n\n\n\n\n\n\n<p><span style=\"font-size: 14px; font-family: Poppins, Geneva, sans-serif;\"> Sizin ihtiya\u00e7lar\u0131n\u0131z\u0131 tespit edip, en uygun olacak \u00e7\u00f6z\u00fcmleri<\/p>\n\n\n\n\n\n<p><span style=\"font-size: 14px; font-family: Poppins, Geneva, sans-serif;\">Kurumunuzun ve \u00e7al\u0131\u015fanlar\u0131n\u0131z\u0131n yetkinlik de\u011ferlendirmelerini yapar, performanslar\u0131n\u0131<\/p>\n\n\n\n\n\n<p><span style=\"font-size: 14px; font-family: Poppins, Geneva, sans-serif;\">Yeni kariyer ya da i\u015f fikriniz mi var? Sizin i\u00e7in en uygun olacak \u015fekilde&nbsp;<\/p>\n\n\n\n\n","protected":false},"excerpt":{"rendered":"","protected":false},"author":1,"featured_media":0,"parent":0,"menu_order":0,"comment_status":"closed","ping_status":"closed","template":"","meta":{"pagelayer_contact_templates":[],"_pagelayer_content":"","_joinchat":{"telephone":"+447724650680","view":"yes"},"footnotes":""},"class_list":["post-75","page","type-page","status-publish","hentry"],"yoast_head":"<!-- This site is optimized with the Yoast SEO plugin v27.0 - https:\/\/yoast.com\/product\/yoast-seo-wordpress\/ -->\n<title>ANASAYFA - Manaraise<\/title>\n<meta name=\"description\" content=\"Manaraise Consultancy, uluslararas\u0131 e\u011fitim, liderlik geli\u015fimi ve stratejik i\u015f birlikleri alan\u0131nda k\u00fcresel \u00e7\u00f6z\u00fcmler sunar. Birle\u015fik Krall\u0131k ve T\u00fcrkiye merkezli profesyonel dan\u0131\u015fmanl\u0131k hizmetleri.\" \/>\n<meta name=\"robots\" content=\"index, follow, max-snippet:-1, max-image-preview:large, max-video-preview:-1\" \/>\n<link rel=\"canonical\" href=\"https:\/\/manaraise.com\/tr\/\" \/>\n<meta property=\"og:locale\" content=\"en_US\" \/>\n<meta property=\"og:type\" content=\"article\" \/>\n<meta property=\"og:title\" content=\"ANASAYFA - Manaraise\" \/>\n<meta property=\"og:description\" content=\"Manaraise Consultancy, uluslararas\u0131 e\u011fitim, liderlik geli\u015fimi ve stratejik i\u015f birlikleri alan\u0131nda k\u00fcresel \u00e7\u00f6z\u00fcmler sunar. Birle\u015fik Krall\u0131k ve T\u00fcrkiye merkezli profesyonel dan\u0131\u015fmanl\u0131k hizmetleri.\" \/>\n<meta property=\"og:url\" content=\"https:\/\/manaraise.com\/tr\/\" \/>\n<meta property=\"og:site_name\" content=\"Manaraise\" \/>\n<meta property=\"article:publisher\" content=\"https:\/\/www.facebook.com\/manaraise\" \/>\n<meta property=\"article:modified_time\" content=\"2026-03-02T16:31:31+00:00\" \/>\n<meta property=\"og:image\" content=\"https:\/\/manaraise.com\/tr\/wp-content\/uploads\/sites\/2\/2026\/03\/1_Fuar_Logo_EduCampusManaraise-1-scaled.png\" \/>\n\t<meta property=\"og:image:width\" content=\"2560\" \/>\n\t<meta property=\"og:image:height\" content=\"1280\" \/>\n\t<meta property=\"og:image:type\" content=\"image\/png\" \/>\n<meta name=\"twitter:card\" content=\"summary_large_image\" \/>\n<meta name=\"twitter:label1\" content=\"Est. reading time\" \/>\n\t<meta name=\"twitter:data1\" content=\"2 minutes\" \/>\n<script type=\"application\/ld+json\" class=\"yoast-schema-graph\">{\"@context\":\"https:\/\/schema.org\",\"@graph\":[{\"@type\":\"WebPage\",\"@id\":\"https:\/\/manaraise.com\/tr\/\",\"url\":\"https:\/\/manaraise.com\/tr\/\",\"name\":\"ANASAYFA - Manaraise\",\"isPartOf\":{\"@id\":\"https:\/\/manaraise.com\/tr\/#website\"},\"datePublished\":\"2021-01-31T10:45:11+00:00\",\"dateModified\":\"2026-03-02T16:31:31+00:00\",\"description\":\"Manaraise Consultancy, uluslararas\u0131 e\u011fitim, liderlik geli\u015fimi ve stratejik i\u015f birlikleri alan\u0131nda k\u00fcresel \u00e7\u00f6z\u00fcmler sunar. Birle\u015fik Krall\u0131k ve T\u00fcrkiye merkezli profesyonel dan\u0131\u015fmanl\u0131k hizmetleri.\",\"breadcrumb\":{\"@id\":\"https:\/\/manaraise.com\/tr\/#breadcrumb\"},\"inLanguage\":\"en-US\",\"potentialAction\":[{\"@type\":\"ReadAction\",\"target\":[\"https:\/\/manaraise.com\/tr\/\"]}]},{\"@type\":\"BreadcrumbList\",\"@id\":\"https:\/\/manaraise.com\/tr\/#breadcrumb\",\"itemListElement\":[{\"@type\":\"ListItem\",\"position\":1,\"name\":\"Home\",\"item\":\"https:\/\/manaraise.com\/tr\/\"},{\"@type\":\"ListItem\",\"position\":2,\"name\":\"ANASAYFA\"}]},{\"@type\":\"WebSite\",\"@id\":\"https:\/\/manaraise.com\/tr\/#website\",\"url\":\"https:\/\/manaraise.com\/tr\/\",\"name\":\"Manaraise\",\"description\":\"Manaraise Consultancy | Uluslararas\u0131 E\u011fitim ve Stratejik Dan\u0131\u015fmanl\u0131k\",\"publisher\":{\"@id\":\"https:\/\/manaraise.com\/tr\/#organization\"},\"potentialAction\":[{\"@type\":\"SearchAction\",\"target\":{\"@type\":\"EntryPoint\",\"urlTemplate\":\"https:\/\/manaraise.com\/tr\/?s={search_term_string}\"},\"query-input\":{\"@type\":\"PropertyValueSpecification\",\"valueRequired\":true,\"valueName\":\"search_term_string\"}}],\"inLanguage\":\"en-US\"},{\"@type\":\"Organization\",\"@id\":\"https:\/\/manaraise.com\/tr\/#organization\",\"name\":\"Manaraise\",\"url\":\"https:\/\/manaraise.com\/tr\/\",\"logo\":{\"@type\":\"ImageObject\",\"inLanguage\":\"en-US\",\"@id\":\"https:\/\/manaraise.com\/tr\/#\/schema\/logo\/image\/\",\"url\":\"https:\/\/manaraise.com\/tr\/wp-content\/uploads\/sites\/2\/2026\/03\/1_Fuar_Logo_EduCampusManaraise-1-scaled.png\",\"contentUrl\":\"https:\/\/manaraise.com\/tr\/wp-content\/uploads\/sites\/2\/2026\/03\/1_Fuar_Logo_EduCampusManaraise-1-scaled.png\",\"width\":2560,\"height\":1280,\"caption\":\"Manaraise\"},\"image\":{\"@id\":\"https:\/\/manaraise.com\/tr\/#\/schema\/logo\/image\/\"},\"sameAs\":[\"https:\/\/www.facebook.com\/manaraise\",\"https:\/\/www.instagram.com\/manaraise\"]}]}<\/script>\n<!-- \/ Yoast SEO plugin. -->","yoast_head_json":{"title":"ANASAYFA - Manaraise","description":"Manaraise Consultancy, uluslararas\u0131 e\u011fitim, liderlik geli\u015fimi ve stratejik i\u015f birlikleri alan\u0131nda k\u00fcresel \u00e7\u00f6z\u00fcmler sunar. Birle\u015fik Krall\u0131k ve T\u00fcrkiye merkezli profesyonel dan\u0131\u015fmanl\u0131k hizmetleri.","robots":{"index":"index","follow":"follow","max-snippet":"max-snippet:-1","max-image-preview":"max-image-preview:large","max-video-preview":"max-video-preview:-1"},"canonical":"https:\/\/manaraise.com\/tr\/","og_locale":"en_US","og_type":"article","og_title":"ANASAYFA - Manaraise","og_description":"Manaraise Consultancy, uluslararas\u0131 e\u011fitim, liderlik geli\u015fimi ve stratejik i\u015f birlikleri alan\u0131nda k\u00fcresel \u00e7\u00f6z\u00fcmler sunar. Birle\u015fik Krall\u0131k ve T\u00fcrkiye merkezli profesyonel dan\u0131\u015fmanl\u0131k hizmetleri.","og_url":"https:\/\/manaraise.com\/tr\/","og_site_name":"Manaraise","article_publisher":"https:\/\/www.facebook.com\/manaraise","article_modified_time":"2026-03-02T16:31:31+00:00","og_image":[{"width":2560,"height":1280,"url":"https:\/\/manaraise.com\/tr\/wp-content\/uploads\/sites\/2\/2026\/03\/1_Fuar_Logo_EduCampusManaraise-1-scaled.png","type":"image\/png"}],"twitter_card":"summary_large_image","twitter_misc":{"Est. reading time":"2 minutes"},"schema":{"@context":"https:\/\/schema.org","@graph":[{"@type":"WebPage","@id":"https:\/\/manaraise.com\/tr\/","url":"https:\/\/manaraise.com\/tr\/","name":"ANASAYFA - Manaraise","isPartOf":{"@id":"https:\/\/manaraise.com\/tr\/#website"},"datePublished":"2021-01-31T10:45:11+00:00","dateModified":"2026-03-02T16:31:31+00:00","description":"Manaraise Consultancy, uluslararas\u0131 e\u011fitim, liderlik geli\u015fimi ve stratejik i\u015f birlikleri alan\u0131nda k\u00fcresel \u00e7\u00f6z\u00fcmler sunar. Birle\u015fik Krall\u0131k ve T\u00fcrkiye merkezli profesyonel dan\u0131\u015fmanl\u0131k hizmetleri.","breadcrumb":{"@id":"https:\/\/manaraise.com\/tr\/#breadcrumb"},"inLanguage":"en-US","potentialAction":[{"@type":"ReadAction","target":["https:\/\/manaraise.com\/tr\/"]}]},{"@type":"BreadcrumbList","@id":"https:\/\/manaraise.com\/tr\/#breadcrumb","itemListElement":[{"@type":"ListItem","position":1,"name":"Home","item":"https:\/\/manaraise.com\/tr\/"},{"@type":"ListItem","position":2,"name":"ANASAYFA"}]},{"@type":"WebSite","@id":"https:\/\/manaraise.com\/tr\/#website","url":"https:\/\/manaraise.com\/tr\/","name":"Manaraise","description":"Manaraise Consultancy | Uluslararas\u0131 E\u011fitim ve Stratejik Dan\u0131\u015fmanl\u0131k","publisher":{"@id":"https:\/\/manaraise.com\/tr\/#organization"},"potentialAction":[{"@type":"SearchAction","target":{"@type":"EntryPoint","urlTemplate":"https:\/\/manaraise.com\/tr\/?s={search_term_string}"},"query-input":{"@type":"PropertyValueSpecification","valueRequired":true,"valueName":"search_term_string"}}],"inLanguage":"en-US"},{"@type":"Organization","@id":"https:\/\/manaraise.com\/tr\/#organization","name":"Manaraise","url":"https:\/\/manaraise.com\/tr\/","logo":{"@type":"ImageObject","inLanguage":"en-US","@id":"https:\/\/manaraise.com\/tr\/#\/schema\/logo\/image\/","url":"https:\/\/manaraise.com\/tr\/wp-content\/uploads\/sites\/2\/2026\/03\/1_Fuar_Logo_EduCampusManaraise-1-scaled.png","contentUrl":"https:\/\/manaraise.com\/tr\/wp-content\/uploads\/sites\/2\/2026\/03\/1_Fuar_Logo_EduCampusManaraise-1-scaled.png","width":2560,"height":1280,"caption":"Manaraise"},"image":{"@id":"https:\/\/manaraise.com\/tr\/#\/schema\/logo\/image\/"},"sameAs":["https:\/\/www.facebook.com\/manaraise","https:\/\/www.instagram.com\/manaraise"]}]}},"_links":{"self":[{"href":"https:\/\/manaraise.com\/tr\/wp-json\/wp\/v2\/pages\/75","targetHints":{"allow":["GET"]}}],"collection":[{"href":"https:\/\/manaraise.com\/tr\/wp-json\/wp\/v2\/pages"}],"about":[{"href":"https:\/\/manaraise.com\/tr\/wp-json\/wp\/v2\/types\/page"}],"author":[{"embeddable":true,"href":"https:\/\/manaraise.com\/tr\/wp-json\/wp\/v2\/users\/1"}],"replies":[{"embeddable":true,"href":"https:\/\/manaraise.com\/tr\/wp-json\/wp\/v2\/comments?post=75"}],"version-history":[{"count":112,"href":"https:\/\/manaraise.com\/tr\/wp-json\/wp\/v2\/pages\/75\/revisions"}],"predecessor-version":[{"id":2016,"href":"https:\/\/manaraise.com\/tr\/wp-json\/wp\/v2\/pages\/75\/revisions\/2016"}],"wp:attachment":[{"href":"https:\/\/manaraise.com\/tr\/wp-json\/wp\/v2\/media?parent=75"}],"curies":[{"name":"wp","href":"https:\/\/api.w.org\/{rel}","templated":true}]}}