{"id":74,"date":"2021-01-31T10:45:11","date_gmt":"2021-01-31T10:45:11","guid":{"rendered":"http:\/\/manaraise.com\/tr\/about\/"},"modified":"2022-02-25T15:59:00","modified_gmt":"2022-02-25T15:59:00","slug":"about","status":"publish","type":"page","link":"https:\/\/manaraise.com\/tr\/about\/","title":{"rendered":"HAKKIMIZDA"},"content":{"rendered":"\n\n\nHAKKIMIZDA\n\n\n\n\n\n\nKurucu\n\n\n\n\n\n<p class=\"MsoNormal\" style=\"text-align: center; \"><span style=\"font-family: Poppins, Geneva, sans-serif;\">Temel alan\u0131 Matematik olan&nbsp;Dr Belma Uysal uzun y\u0131llar boyunca e\u011fitim ve insan kaynaklar\u0131 sekt\u00f6r\u00fcnde \u00fcst d\u00fczey y\u00f6neticilik yapm\u0131\u015ft\u0131r.<\/span><\/p>\n\n\n\n\n\n\n\n\n\n\n\n\n\nMOT\u0130VASYONUMUZ\n\n<p class=\"MsoNormal\" style=\"text-align: left;\"><span style=\"font-family: Poppins, Geneva, sans-serif;\">\u0130\u015f ya\u015fam\u0131n\u0131n zorluklar\u0131n\u0131 ve m\u00fccadeleci yap\u0131s\u0131n\u0131 iyi biliyoruz. Bu s\u00fcre\u00e7leri ya\u015fayan kurum ve ki\u015filere deneyimlerimizi aktar\u0131p onlara ilham verecek yakla\u015f\u0131mlarla zorluklar\u0131n \u00fcstesinden rahatl\u0131kla geleceklerine inan\u0131yoruz. Yolculuklar\u0131nda yaln\u0131z olmad\u0131klar\u0131n\u0131 bilmek onlar\u0131 rahatlataca\u011f\u0131 gibi bize de sonuca d\u00f6n\u00fck fayda \u00fcretmenin hazz\u0131n\u0131 getirecektir.De\u011fer ve fayda katarak \u00fcretmenin getirece\u011fi haz bizlere i\u00e7sel motivasyon sa\u011flamakta, birlikte i\u015f yapmak keyfe d\u00f6n\u00fc\u015fmektedir.<\/span><\/p>\n\n\n\n\n<p class=\"MsoNormal\" style=\"text-align: center; \"><span style=\"font-family: Poppins, Geneva, sans-serif;\"> <span style=\"font-size: 15px;\">Hizmet verdi\u011fimiz kurum ve ki\u015filere etkili, zaman\u0131nda ve \u00e7\u00f6z\u00fcmc\u00fcl yakla\u015f\u0131m\u0131m\u0131zla arzu ettiklerinden daha iyi sonu\u00e7lara ula\u015fmalar\u0131n\u0131 hedefleriz.<\/span><\/span><\/p>\n\n\n<p class=\"MsoNormal\" style=\"text-align: center; \"><span style=\"font-family: Poppins, Geneva, sans-serif;\"> <span style=\"font-size: 15px;\">Sadece i\u00e7inde bulunulan duruma g\u00f6re de\u011fil ge\u00e7mi\u015fi inceleyerek ve gelece\u011fi \u00f6ng\u00f6rerek \u00e7\u00f6z\u00fcmler \u00fcretiriz.<\/span><\/span><\/p>\n\n\n<p class=\"MsoNormal\" style=\"text-align: center; \"><span style=\"font-family: Poppins, Geneva, sans-serif;\"> <span style=\"font-size: 15px;\">Alan\u0131nda uzman ekip arkada\u015flar\u0131 ile \u00e7al\u0131\u015f\u0131r, y\u00fcr\u00fctt\u00fc\u011f\u00fcm\u00fcz projelerde tam sorumluluk al\u0131r\u0131z.<\/span><\/span><\/p>\n\n\n\n\n<span style=\"text-decoration-style: initial;\">N\u0130\u00c7\u0130N B\u0130Z\u0130 TERC\u0130H ETMEL\u0130S\u0130N\u0130Z?<\/span>\n\n\n\n<p class=\"MsoNormal\" style=\"text-align: center; \"><span style=\"font-family: Poppins, Geneva, sans-serif;\"><span style=\"font-size: 15px;\"> Kurumunuzun ve sizin gelece\u011finiz i\u00e7in do\u011fru, uygulanabilir ve \u00f6l\u00e7\u00fclebilir kararlar\u0131&nbsp; al\u0131p gelece\u011fe dair temkinli ama emin ad\u0131mlarla y\u00fcr\u00fcmek istiyorsan\u0131z <br \/> ilk tercihiniz olmaya aday\u0131z.<\/span><\/span><\/p>\n<p class=\"MsoNormal\" style=\"text-align: center; \"><br><\/p>\n\n\n\n\n\n\n<p class=\"MsoNormal\" style=\"text-align: center; \"><span style=\"font-family: Poppins, Geneva, sans-serif;\"> <span style=\"font-size: 15px;\"> Verdi\u011fimiz vizyoner dan\u0131\u015fmanl\u0131k hizmeti ile dan\u0131\u015fanlar\u0131m\u0131z\u0131 rakiplerini geride b\u0131rakmalar\u0131n\u0131 \u00f6nceleriz.<\/span><\/p>\n\n\n<p class=\"MsoNormal\" style=\"text-align: center; \"><span style=\"font-family: Poppins, Geneva, sans-serif;\"> <font color=\"#4e4e4e\"><span style=\"font-size: 15px;\"> Dan\u0131\u015fanlar\u0131m\u0131z\u0131n deste\u011fe her ihtiya\u00e7lar\u0131nda samimi, yap\u0131c\u0131 ve nazik bir uslupla etkile\u015fime ge\u00e7eriz.<\/span><\/p>\n\n\n<p class=\"MsoNormal\" style=\"text-align: center; \"><span style=\"font-family: Poppins, Geneva, sans-serif;\"> <font color=\"#4e4e4e\"><span style=\"font-size: 15px;\"> Verdi\u011fimiz hizmetten memnuniyet duyulmas\u0131 bizim i\u015f tatminimizdir, en \u00f6nemli motivasyon kayna\u011f\u0131m\u0131zd\u0131r.<\/span><\/p>\n\n\n\n\n\n\n\n\n\n\n\n\n\n\n\n\n","protected":false},"excerpt":{"rendered":"","protected":false},"author":1,"featured_media":0,"parent":0,"menu_order":0,"comment_status":"closed","ping_status":"closed","template":"","meta":{"pagelayer_contact_templates":[],"_pagelayer_content":"","_joinchat":{"telephone":"+447724650680","view":"yes"},"footnotes":""},"class_list":["post-74","page","type-page","status-publish","hentry"],"yoast_head":"<!-- This site is optimized with the Yoast SEO plugin v27.0 - https:\/\/yoast.com\/product\/yoast-seo-wordpress\/ -->\n<title>HAKKIMIZDA - Manaraise<\/title>\n<meta name=\"robots\" content=\"index, follow, max-snippet:-1, max-image-preview:large, max-video-preview:-1\" \/>\n<link rel=\"canonical\" href=\"https:\/\/manaraise.com\/tr\/about\/\" \/>\n<meta property=\"og:locale\" content=\"en_US\" \/>\n<meta property=\"og:type\" content=\"article\" \/>\n<meta property=\"og:title\" content=\"HAKKIMIZDA - Manaraise\" \/>\n<meta property=\"og:url\" content=\"https:\/\/manaraise.com\/tr\/about\/\" \/>\n<meta property=\"og:site_name\" content=\"Manaraise\" \/>\n<meta property=\"article:publisher\" content=\"https:\/\/www.facebook.com\/manaraise\" \/>\n<meta property=\"article:modified_time\" content=\"2022-02-25T15:59:00+00:00\" \/>\n<meta property=\"og:image\" content=\"https:\/\/manaraise.com\/tr\/wp-content\/uploads\/sites\/2\/2026\/03\/1_Fuar_Logo_EduCampusManaraise-1-scaled.png\" \/>\n\t<meta property=\"og:image:width\" content=\"2560\" \/>\n\t<meta property=\"og:image:height\" content=\"1280\" \/>\n\t<meta property=\"og:image:type\" content=\"image\/png\" \/>\n<meta name=\"twitter:card\" content=\"summary_large_image\" \/>\n<meta name=\"twitter:label1\" content=\"Est. reading time\" \/>\n\t<meta name=\"twitter:data1\" content=\"1 minute\" \/>\n<script type=\"application\/ld+json\" class=\"yoast-schema-graph\">{\"@context\":\"https:\/\/schema.org\",\"@graph\":[{\"@type\":\"WebPage\",\"@id\":\"https:\/\/manaraise.com\/tr\/about\/\",\"url\":\"https:\/\/manaraise.com\/tr\/about\/\",\"name\":\"HAKKIMIZDA - Manaraise\",\"isPartOf\":{\"@id\":\"https:\/\/manaraise.com\/tr\/#website\"},\"datePublished\":\"2021-01-31T10:45:11+00:00\",\"dateModified\":\"2022-02-25T15:59:00+00:00\",\"breadcrumb\":{\"@id\":\"https:\/\/manaraise.com\/tr\/about\/#breadcrumb\"},\"inLanguage\":\"en-US\",\"potentialAction\":[{\"@type\":\"ReadAction\",\"target\":[\"https:\/\/manaraise.com\/tr\/about\/\"]}]},{\"@type\":\"BreadcrumbList\",\"@id\":\"https:\/\/manaraise.com\/tr\/about\/#breadcrumb\",\"itemListElement\":[{\"@type\":\"ListItem\",\"position\":1,\"name\":\"Home\",\"item\":\"https:\/\/manaraise.com\/tr\/\"},{\"@type\":\"ListItem\",\"position\":2,\"name\":\"HAKKIMIZDA\"}]},{\"@type\":\"WebSite\",\"@id\":\"https:\/\/manaraise.com\/tr\/#website\",\"url\":\"https:\/\/manaraise.com\/tr\/\",\"name\":\"Manaraise\",\"description\":\"Manaraise Consultancy | Uluslararas\u0131 E\u011fitim ve Stratejik Dan\u0131\u015fmanl\u0131k\",\"publisher\":{\"@id\":\"https:\/\/manaraise.com\/tr\/#organization\"},\"potentialAction\":[{\"@type\":\"SearchAction\",\"target\":{\"@type\":\"EntryPoint\",\"urlTemplate\":\"https:\/\/manaraise.com\/tr\/?s={search_term_string}\"},\"query-input\":{\"@type\":\"PropertyValueSpecification\",\"valueRequired\":true,\"valueName\":\"search_term_string\"}}],\"inLanguage\":\"en-US\"},{\"@type\":\"Organization\",\"@id\":\"https:\/\/manaraise.com\/tr\/#organization\",\"name\":\"Manaraise\",\"url\":\"https:\/\/manaraise.com\/tr\/\",\"logo\":{\"@type\":\"ImageObject\",\"inLanguage\":\"en-US\",\"@id\":\"https:\/\/manaraise.com\/tr\/#\/schema\/logo\/image\/\",\"url\":\"https:\/\/manaraise.com\/tr\/wp-content\/uploads\/sites\/2\/2026\/03\/1_Fuar_Logo_EduCampusManaraise-1-scaled.png\",\"contentUrl\":\"https:\/\/manaraise.com\/tr\/wp-content\/uploads\/sites\/2\/2026\/03\/1_Fuar_Logo_EduCampusManaraise-1-scaled.png\",\"width\":2560,\"height\":1280,\"caption\":\"Manaraise\"},\"image\":{\"@id\":\"https:\/\/manaraise.com\/tr\/#\/schema\/logo\/image\/\"},\"sameAs\":[\"https:\/\/www.facebook.com\/manaraise\",\"https:\/\/www.instagram.com\/manaraise\"]}]}<\/script>\n<!-- \/ Yoast SEO plugin. -->","yoast_head_json":{"title":"HAKKIMIZDA - Manaraise","robots":{"index":"index","follow":"follow","max-snippet":"max-snippet:-1","max-image-preview":"max-image-preview:large","max-video-preview":"max-video-preview:-1"},"canonical":"https:\/\/manaraise.com\/tr\/about\/","og_locale":"en_US","og_type":"article","og_title":"HAKKIMIZDA - Manaraise","og_url":"https:\/\/manaraise.com\/tr\/about\/","og_site_name":"Manaraise","article_publisher":"https:\/\/www.facebook.com\/manaraise","article_modified_time":"2022-02-25T15:59:00+00:00","og_image":[{"width":2560,"height":1280,"url":"https:\/\/manaraise.com\/tr\/wp-content\/uploads\/sites\/2\/2026\/03\/1_Fuar_Logo_EduCampusManaraise-1-scaled.png","type":"image\/png"}],"twitter_card":"summary_large_image","twitter_misc":{"Est. reading time":"1 minute"},"schema":{"@context":"https:\/\/schema.org","@graph":[{"@type":"WebPage","@id":"https:\/\/manaraise.com\/tr\/about\/","url":"https:\/\/manaraise.com\/tr\/about\/","name":"HAKKIMIZDA - Manaraise","isPartOf":{"@id":"https:\/\/manaraise.com\/tr\/#website"},"datePublished":"2021-01-31T10:45:11+00:00","dateModified":"2022-02-25T15:59:00+00:00","breadcrumb":{"@id":"https:\/\/manaraise.com\/tr\/about\/#breadcrumb"},"inLanguage":"en-US","potentialAction":[{"@type":"ReadAction","target":["https:\/\/manaraise.com\/tr\/about\/"]}]},{"@type":"BreadcrumbList","@id":"https:\/\/manaraise.com\/tr\/about\/#breadcrumb","itemListElement":[{"@type":"ListItem","position":1,"name":"Home","item":"https:\/\/manaraise.com\/tr\/"},{"@type":"ListItem","position":2,"name":"HAKKIMIZDA"}]},{"@type":"WebSite","@id":"https:\/\/manaraise.com\/tr\/#website","url":"https:\/\/manaraise.com\/tr\/","name":"Manaraise","description":"Manaraise Consultancy | Uluslararas\u0131 E\u011fitim ve Stratejik Dan\u0131\u015fmanl\u0131k","publisher":{"@id":"https:\/\/manaraise.com\/tr\/#organization"},"potentialAction":[{"@type":"SearchAction","target":{"@type":"EntryPoint","urlTemplate":"https:\/\/manaraise.com\/tr\/?s={search_term_string}"},"query-input":{"@type":"PropertyValueSpecification","valueRequired":true,"valueName":"search_term_string"}}],"inLanguage":"en-US"},{"@type":"Organization","@id":"https:\/\/manaraise.com\/tr\/#organization","name":"Manaraise","url":"https:\/\/manaraise.com\/tr\/","logo":{"@type":"ImageObject","inLanguage":"en-US","@id":"https:\/\/manaraise.com\/tr\/#\/schema\/logo\/image\/","url":"https:\/\/manaraise.com\/tr\/wp-content\/uploads\/sites\/2\/2026\/03\/1_Fuar_Logo_EduCampusManaraise-1-scaled.png","contentUrl":"https:\/\/manaraise.com\/tr\/wp-content\/uploads\/sites\/2\/2026\/03\/1_Fuar_Logo_EduCampusManaraise-1-scaled.png","width":2560,"height":1280,"caption":"Manaraise"},"image":{"@id":"https:\/\/manaraise.com\/tr\/#\/schema\/logo\/image\/"},"sameAs":["https:\/\/www.facebook.com\/manaraise","https:\/\/www.instagram.com\/manaraise"]}]}},"_links":{"self":[{"href":"https:\/\/manaraise.com\/tr\/wp-json\/wp\/v2\/pages\/74","targetHints":{"allow":["GET"]}}],"collection":[{"href":"https:\/\/manaraise.com\/tr\/wp-json\/wp\/v2\/pages"}],"about":[{"href":"https:\/\/manaraise.com\/tr\/wp-json\/wp\/v2\/types\/page"}],"author":[{"embeddable":true,"href":"https:\/\/manaraise.com\/tr\/wp-json\/wp\/v2\/users\/1"}],"replies":[{"embeddable":true,"href":"https:\/\/manaraise.com\/tr\/wp-json\/wp\/v2\/comments?post=74"}],"version-history":[{"count":109,"href":"https:\/\/manaraise.com\/tr\/wp-json\/wp\/v2\/pages\/74\/revisions"}],"predecessor-version":[{"id":1879,"href":"https:\/\/manaraise.com\/tr\/wp-json\/wp\/v2\/pages\/74\/revisions\/1879"}],"wp:attachment":[{"href":"https:\/\/manaraise.com\/tr\/wp-json\/wp\/v2\/media?parent=74"}],"curies":[{"name":"wp","href":"https:\/\/api.w.org\/{rel}","templated":true}]}}