{"id":73,"date":"2021-01-31T10:45:10","date_gmt":"2021-01-31T10:45:10","guid":{"rendered":"http:\/\/manaraise.com\/tr\/contact\/"},"modified":"2021-12-23T16:16:28","modified_gmt":"2021-12-23T16:16:28","slug":"contact","status":"publish","type":"page","link":"https:\/\/manaraise.com\/tr\/contact\/","title":{"rendered":"B\u0130ZE ULA\u015eIN"},"content":{"rendered":"\n\n<p>B\u0130ZE ULA\u015eIN<\/p>\n\n\n\n\n\n\n\nS\u0130Z\u0130N \u0130\u00c7\u0130N NE YAPAB\u0130L\u0130R\u0130Z?\n\n\n\n\n\n\n\n\n\n<div class=\"wpforms-container wpforms-container-full\" id=\"wpforms-106\"><form id=\"wpforms-form-106\" class=\"wpforms-validate wpforms-form\" data-formid=\"106\" method=\"post\" enctype=\"multipart\/form-data\" action=\"\/tr\/wp-json\/wp\/v2\/pages\/73\" data-token=\"12f9b388e5b9270dc21d4b15d49ccd7e\" data-token-time=\"1776400845\"><noscript class=\"wpforms-error-noscript\">Please enable JavaScript in your browser to complete this form.<\/noscript><div class=\"wpforms-field-container\"><div id=\"wpforms-106-field_0-container\" class=\"wpforms-field wpforms-field-name\" data-field-id=\"0\"><label class=\"wpforms-field-label wpforms-label-hide\" for=\"wpforms-106-field_0\">Name <span class=\"wpforms-required-label\">*<\/span><\/label><div class=\"wpforms-field-row wpforms-field-large\"><div class=\"wpforms-field-row-block wpforms-first wpforms-one-half\"><input type=\"text\" id=\"wpforms-106-field_0\" class=\"wpforms-field-name-first wpforms-field-required\" name=\"wpforms[fields][0][first]\" placeholder=\"\u0130sim\" required><label for=\"wpforms-106-field_0\" class=\"wpforms-field-sublabel after wpforms-sublabel-hide\">First<\/label><\/div><div class=\"wpforms-field-row-block wpforms-one-half\"><input type=\"text\" id=\"wpforms-106-field_0-last\" class=\"wpforms-field-name-last wpforms-field-required\" name=\"wpforms[fields][0][last]\" placeholder=\"Soyisim\" required><label for=\"wpforms-106-field_0-last\" class=\"wpforms-field-sublabel after wpforms-sublabel-hide\">Last<\/label><\/div><\/div><\/div><div id=\"wpforms-106-field_1-container\" class=\"wpforms-field wpforms-field-email\" data-field-id=\"1\"><label class=\"wpforms-field-label wpforms-label-hide\" for=\"wpforms-106-field_1\">Email <span class=\"wpforms-required-label\">*<\/span><\/label><input type=\"email\" id=\"wpforms-106-field_1\" class=\"wpforms-field-large wpforms-field-required\" name=\"wpforms[fields][1]\" placeholder=\"E-posta\" spellcheck=\"false\" required><\/div><div id=\"wpforms-106-field_2-container\" class=\"wpforms-field wpforms-field-textarea\" data-field-id=\"2\"><label class=\"wpforms-field-label wpforms-label-hide\" for=\"wpforms-106-field_2\">\u0130leti <span class=\"wpforms-required-label\">*<\/span><\/label><textarea id=\"wpforms-106-field_2\" class=\"wpforms-field-medium wpforms-field-required\" name=\"wpforms[fields][2]\" placeholder=\"\u0130leti\" required><\/textarea><\/div><\/div><!-- .wpforms-field-container --><div class=\"wpforms-submit-container\" ><input type=\"hidden\" name=\"wpforms[id]\" value=\"106\"><input type=\"hidden\" name=\"page_title\" value=\"\"><input type=\"hidden\" name=\"page_url\" value=\"https:\/\/manaraise.com\/tr\/wp-json\/wp\/v2\/pages\/73\"><input type=\"hidden\" name=\"url_referer\" value=\"\"><button type=\"submit\" name=\"wpforms[submit]\" id=\"wpforms-submit-106\" class=\"wpforms-submit\" aria-live=\"assertive\" value=\"wpforms-submit\">G\u00f6nder<\/button><\/div><\/form><\/div>  <!-- .wpforms-container -->\n\n\n\n\n\n\n\n\n\n\n\n\n\n\n\n\n\n\n\n\n\n\n\n\n\n\n\n\n\n\n\n\n\n\n\nEC1V 2NX\n\n\n","protected":false},"excerpt":{"rendered":"","protected":false},"author":1,"featured_media":0,"parent":0,"menu_order":0,"comment_status":"closed","ping_status":"closed","template":"","meta":{"pagelayer_contact_templates":[],"_pagelayer_content":"","_joinchat":{"telephone":"+447724650680","view":"yes"},"footnotes":""},"class_list":["post-73","page","type-page","status-publish","hentry"],"yoast_head":"<!-- This site is optimized with the Yoast SEO plugin v27.0 - https:\/\/yoast.com\/product\/yoast-seo-wordpress\/ -->\n<title>B\u0130ZE ULA\u015eIN - Manaraise<\/title>\n<meta name=\"robots\" content=\"index, follow, max-snippet:-1, max-image-preview:large, max-video-preview:-1\" \/>\n<link rel=\"canonical\" href=\"https:\/\/manaraise.com\/tr\/contact\/\" \/>\n<meta property=\"og:locale\" content=\"en_US\" \/>\n<meta property=\"og:type\" content=\"article\" \/>\n<meta property=\"og:title\" content=\"B\u0130ZE ULA\u015eIN - Manaraise\" \/>\n<meta property=\"og:url\" content=\"https:\/\/manaraise.com\/tr\/contact\/\" \/>\n<meta property=\"og:site_name\" content=\"Manaraise\" \/>\n<meta property=\"article:publisher\" content=\"https:\/\/www.facebook.com\/manaraise\" \/>\n<meta property=\"article:modified_time\" content=\"2021-12-23T16:16:28+00:00\" \/>\n<meta property=\"og:image\" content=\"https:\/\/manaraise.com\/tr\/wp-content\/uploads\/sites\/2\/2026\/03\/1_Fuar_Logo_EduCampusManaraise-1-scaled.png\" \/>\n\t<meta property=\"og:image:width\" content=\"2560\" \/>\n\t<meta property=\"og:image:height\" content=\"1280\" \/>\n\t<meta property=\"og:image:type\" content=\"image\/png\" \/>\n<meta name=\"twitter:card\" content=\"summary_large_image\" \/>\n<script type=\"application\/ld+json\" class=\"yoast-schema-graph\">{\"@context\":\"https:\/\/schema.org\",\"@graph\":[{\"@type\":\"WebPage\",\"@id\":\"https:\/\/manaraise.com\/tr\/contact\/\",\"url\":\"https:\/\/manaraise.com\/tr\/contact\/\",\"name\":\"B\u0130ZE ULA\u015eIN - Manaraise\",\"isPartOf\":{\"@id\":\"https:\/\/manaraise.com\/tr\/#website\"},\"datePublished\":\"2021-01-31T10:45:10+00:00\",\"dateModified\":\"2021-12-23T16:16:28+00:00\",\"breadcrumb\":{\"@id\":\"https:\/\/manaraise.com\/tr\/contact\/#breadcrumb\"},\"inLanguage\":\"en-US\",\"potentialAction\":[{\"@type\":\"ReadAction\",\"target\":[\"https:\/\/manaraise.com\/tr\/contact\/\"]}]},{\"@type\":\"BreadcrumbList\",\"@id\":\"https:\/\/manaraise.com\/tr\/contact\/#breadcrumb\",\"itemListElement\":[{\"@type\":\"ListItem\",\"position\":1,\"name\":\"Home\",\"item\":\"https:\/\/manaraise.com\/tr\/\"},{\"@type\":\"ListItem\",\"position\":2,\"name\":\"B\u0130ZE ULA\u015eIN\"}]},{\"@type\":\"WebSite\",\"@id\":\"https:\/\/manaraise.com\/tr\/#website\",\"url\":\"https:\/\/manaraise.com\/tr\/\",\"name\":\"Manaraise\",\"description\":\"Manaraise Consultancy | Uluslararas\u0131 E\u011fitim ve Stratejik Dan\u0131\u015fmanl\u0131k\",\"publisher\":{\"@id\":\"https:\/\/manaraise.com\/tr\/#organization\"},\"potentialAction\":[{\"@type\":\"SearchAction\",\"target\":{\"@type\":\"EntryPoint\",\"urlTemplate\":\"https:\/\/manaraise.com\/tr\/?s={search_term_string}\"},\"query-input\":{\"@type\":\"PropertyValueSpecification\",\"valueRequired\":true,\"valueName\":\"search_term_string\"}}],\"inLanguage\":\"en-US\"},{\"@type\":\"Organization\",\"@id\":\"https:\/\/manaraise.com\/tr\/#organization\",\"name\":\"Manaraise\",\"url\":\"https:\/\/manaraise.com\/tr\/\",\"logo\":{\"@type\":\"ImageObject\",\"inLanguage\":\"en-US\",\"@id\":\"https:\/\/manaraise.com\/tr\/#\/schema\/logo\/image\/\",\"url\":\"https:\/\/manaraise.com\/tr\/wp-content\/uploads\/sites\/2\/2026\/03\/1_Fuar_Logo_EduCampusManaraise-1-scaled.png\",\"contentUrl\":\"https:\/\/manaraise.com\/tr\/wp-content\/uploads\/sites\/2\/2026\/03\/1_Fuar_Logo_EduCampusManaraise-1-scaled.png\",\"width\":2560,\"height\":1280,\"caption\":\"Manaraise\"},\"image\":{\"@id\":\"https:\/\/manaraise.com\/tr\/#\/schema\/logo\/image\/\"},\"sameAs\":[\"https:\/\/www.facebook.com\/manaraise\",\"https:\/\/www.instagram.com\/manaraise\"]}]}<\/script>\n<!-- \/ Yoast SEO plugin. -->","yoast_head_json":{"title":"B\u0130ZE ULA\u015eIN - Manaraise","robots":{"index":"index","follow":"follow","max-snippet":"max-snippet:-1","max-image-preview":"max-image-preview:large","max-video-preview":"max-video-preview:-1"},"canonical":"https:\/\/manaraise.com\/tr\/contact\/","og_locale":"en_US","og_type":"article","og_title":"B\u0130ZE ULA\u015eIN - Manaraise","og_url":"https:\/\/manaraise.com\/tr\/contact\/","og_site_name":"Manaraise","article_publisher":"https:\/\/www.facebook.com\/manaraise","article_modified_time":"2021-12-23T16:16:28+00:00","og_image":[{"width":2560,"height":1280,"url":"https:\/\/manaraise.com\/tr\/wp-content\/uploads\/sites\/2\/2026\/03\/1_Fuar_Logo_EduCampusManaraise-1-scaled.png","type":"image\/png"}],"twitter_card":"summary_large_image","schema":{"@context":"https:\/\/schema.org","@graph":[{"@type":"WebPage","@id":"https:\/\/manaraise.com\/tr\/contact\/","url":"https:\/\/manaraise.com\/tr\/contact\/","name":"B\u0130ZE ULA\u015eIN - Manaraise","isPartOf":{"@id":"https:\/\/manaraise.com\/tr\/#website"},"datePublished":"2021-01-31T10:45:10+00:00","dateModified":"2021-12-23T16:16:28+00:00","breadcrumb":{"@id":"https:\/\/manaraise.com\/tr\/contact\/#breadcrumb"},"inLanguage":"en-US","potentialAction":[{"@type":"ReadAction","target":["https:\/\/manaraise.com\/tr\/contact\/"]}]},{"@type":"BreadcrumbList","@id":"https:\/\/manaraise.com\/tr\/contact\/#breadcrumb","itemListElement":[{"@type":"ListItem","position":1,"name":"Home","item":"https:\/\/manaraise.com\/tr\/"},{"@type":"ListItem","position":2,"name":"B\u0130ZE ULA\u015eIN"}]},{"@type":"WebSite","@id":"https:\/\/manaraise.com\/tr\/#website","url":"https:\/\/manaraise.com\/tr\/","name":"Manaraise","description":"Manaraise Consultancy | Uluslararas\u0131 E\u011fitim ve Stratejik Dan\u0131\u015fmanl\u0131k","publisher":{"@id":"https:\/\/manaraise.com\/tr\/#organization"},"potentialAction":[{"@type":"SearchAction","target":{"@type":"EntryPoint","urlTemplate":"https:\/\/manaraise.com\/tr\/?s={search_term_string}"},"query-input":{"@type":"PropertyValueSpecification","valueRequired":true,"valueName":"search_term_string"}}],"inLanguage":"en-US"},{"@type":"Organization","@id":"https:\/\/manaraise.com\/tr\/#organization","name":"Manaraise","url":"https:\/\/manaraise.com\/tr\/","logo":{"@type":"ImageObject","inLanguage":"en-US","@id":"https:\/\/manaraise.com\/tr\/#\/schema\/logo\/image\/","url":"https:\/\/manaraise.com\/tr\/wp-content\/uploads\/sites\/2\/2026\/03\/1_Fuar_Logo_EduCampusManaraise-1-scaled.png","contentUrl":"https:\/\/manaraise.com\/tr\/wp-content\/uploads\/sites\/2\/2026\/03\/1_Fuar_Logo_EduCampusManaraise-1-scaled.png","width":2560,"height":1280,"caption":"Manaraise"},"image":{"@id":"https:\/\/manaraise.com\/tr\/#\/schema\/logo\/image\/"},"sameAs":["https:\/\/www.facebook.com\/manaraise","https:\/\/www.instagram.com\/manaraise"]}]}},"_links":{"self":[{"href":"https:\/\/manaraise.com\/tr\/wp-json\/wp\/v2\/pages\/73","targetHints":{"allow":["GET"]}}],"collection":[{"href":"https:\/\/manaraise.com\/tr\/wp-json\/wp\/v2\/pages"}],"about":[{"href":"https:\/\/manaraise.com\/tr\/wp-json\/wp\/v2\/types\/page"}],"author":[{"embeddable":true,"href":"https:\/\/manaraise.com\/tr\/wp-json\/wp\/v2\/users\/1"}],"replies":[{"embeddable":true,"href":"https:\/\/manaraise.com\/tr\/wp-json\/wp\/v2\/comments?post=73"}],"version-history":[{"count":15,"href":"https:\/\/manaraise.com\/tr\/wp-json\/wp\/v2\/pages\/73\/revisions"}],"predecessor-version":[{"id":1363,"href":"https:\/\/manaraise.com\/tr\/wp-json\/wp\/v2\/pages\/73\/revisions\/1363"}],"wp:attachment":[{"href":"https:\/\/manaraise.com\/tr\/wp-json\/wp\/v2\/media?parent=73"}],"curies":[{"name":"wp","href":"https:\/\/api.w.org\/{rel}","templated":true}]}}