{"id":677,"date":"2021-02-05T13:43:46","date_gmt":"2021-02-05T13:43:46","guid":{"rendered":"http:\/\/manaraise.com\/tr\/?page_id=677"},"modified":"2021-12-23T14:29:36","modified_gmt":"2021-12-23T14:29:36","slug":"organizasyonel-gelisim","status":"publish","type":"page","link":"https:\/\/manaraise.com\/tr\/organizasyonel-gelisim\/","title":{"rendered":"ORGAN\u0130ZASYONEL GEL\u0130\u015e\u0130M"},"content":{"rendered":"\n\n\nORGAN\u0130ZASYONEL&nbsp;<div>GEL\u0130\u015e\u0130M<\/div>\n\n\n\n\n\n\nORGAN\u0130ZASYONEL GEL\u0130\u015e\u0130M\n\nBir kurulu\u015fun; k\u0131sa, orta ve uzun vadeli hedeflerine ula\u015fmak i\u00e7in kullanmas\u0131 gereken b\u00fct\u00fcn y\u00f6ntem ve s\u00fcre\u00e7leri analiz ederek, mevcut kaynaklar\u0131 ve ihtiya\u00e7 olacak kaynaklar\u0131 da g\u00f6z \u00f6n\u00fcnde tutarak sa\u011flam bir organizasyonel yap\u0131 ve sistemin kurulmas\u0131n\u0131, izlenmesini, geli\u015ftirilmesini ve gerekli revizyonlar\u0131n yap\u0131lmas\u0131n\u0131 sistemli hale getiren s\u00fcre\u00e7tir.\n\n\n<p><span style=\"font-family: Poppins, sans-serif; font-size: 12pt; background-color: transparent;\">Bu\ns\u00fcre\u00e7te organizasyon bir b\u00fct\u00fcn olarak ele al\u0131n\u0131r ve gelecekteki hedefleri\nger\u00e7ekle\u015ftirmeye y\u00f6nelik olarak gerekli tasar\u0131mlar yap\u0131l\u0131r. Bu tasar\u0131mlara\nuygun olarak de\u011fi\u015fiklikler planlan\u0131r.<\/span><\/p>\n<p><span style=\"font-family: Poppins, sans-serif; font-size: 12pt; background-color: transparent;\">Organizasyonel\ngeli\u015fim ile kurulu\u015fun tasar\u0131m\u0131 ile i\u015f kalitesinde bo\u015fluklara yer kalmaz, kimin,\nne zaman ne yapaca\u011f\u0131 bellidir.<\/span><\/p>\n<p><span style=\"font-family: Poppins, sans-serif; font-size: 12pt; background-color: transparent;\">\u0130\u015f s\u00fcre\u00e7leri\ntan\u0131mlanaca\u011f\u0131 i\u00e7in i\u015fin s\u00fcre\u00e7 takibini yapmak kolayla\u015f\u0131r. Ayr\u0131ca i\u015fin s\u00fcrecinde\nkesinti olursa hangi a\u015famadan kaynakland\u0131\u011f\u0131 net bir \u015fekilde belli olur.<\/span><\/p><span style=\"font-size:12.0pt;line-height:107%\"><o:p><\/o:p><\/span>\n<p><span style=\"font-size:12.0pt;line-height:107%;\nfont-family:&quot;Poppins&quot;,sans-serif;mso-ascii-theme-font:minor-latin;mso-fareast-font-family:\nCalibri;mso-fareast-theme-font:minor-latin;mso-hansi-theme-font:minor-latin;\nmso-bidi-font-family:&quot;Times New Roman&quot;;mso-bidi-theme-font:minor-bidi;\nmso-ansi-language:TR;mso-fareast-language:EN-US;mso-bidi-language:AR-SA\">Zamanla\nkurulu\u015flarda i\u015fleyi\u015fte hantall\u0131k olu\u015fmas\u0131 ka\u00e7\u0131n\u0131lmaz bir durumdur. Organizasyonel\ngeli\u015fim \u00e7al\u0131\u015fmas\u0131 ile kurulu\u015ftaki gereksiz prosed\u00fcrler, de\u011fi\u015fen ko\u015fullara\nkar\u015f\u0131n yava\u015f kalm\u0131\u015f unsurlar tespit edilerek gerekli de\u011fi\u015fim ve eylem planlar\u0131\nhayata ge\u00e7irilir.<\/span><\/p><span style=\"font-size:12.0pt;line-height:107%\"><o:p><\/o:p><\/span>\n<p><span style=\"font-size:12.0pt;line-height:107%;\nfont-family:&quot;Poppins&quot;,sans-serif;mso-ascii-theme-font:minor-latin;mso-fareast-font-family:\nCalibri;mso-fareast-theme-font:minor-latin;mso-hansi-theme-font:minor-latin;\nmso-bidi-font-family:&quot;Times New Roman&quot;;mso-bidi-theme-font:minor-bidi;\nmso-ansi-language:TR;mso-fareast-language:EN-US;mso-bidi-language:AR-SA\">Organizasyonel\ngeli\u015fim \u00e7al\u0131\u015fmalar\u0131 ile kurulu\u015flar \u00fczerinden fazla y\u00fckler at\u0131lm\u0131\u015f bir hale\nge\u00e7er ve dinamizm kazan\u0131rlar.<o:p><\/o:p><\/span><\/p><span style=\"font-size:12.0pt;line-height:107%\"><o:p><\/o:p><\/span>\n\n\n\n\n\n\n\n\n<h2>Organizasyonel Geli\u015fim Hizmetlerinin Kapsam\u0131<\/h2>\n\n\n\n\n\n\n\n\n\n\n\n\n\n\n\n\n\n\n\n\n\n\n\n\n\n\n\n\n\n\n\n\n\n\n\n","protected":false},"excerpt":{"rendered":"","protected":false},"author":1,"featured_media":0,"parent":0,"menu_order":0,"comment_status":"closed","ping_status":"closed","template":"","meta":{"pagelayer_contact_templates":[],"_pagelayer_content":"","_joinchat":{"telephone":"+447724650680","view":"yes"},"footnotes":""},"class_list":["post-677","page","type-page","status-publish","hentry"],"yoast_head":"<!-- This site is optimized with the Yoast SEO plugin v27.0 - https:\/\/yoast.com\/product\/yoast-seo-wordpress\/ -->\n<title>ORGAN\u0130ZASYONEL GEL\u0130\u015e\u0130M - Manaraise<\/title>\n<meta name=\"robots\" content=\"index, follow, max-snippet:-1, max-image-preview:large, max-video-preview:-1\" \/>\n<link rel=\"canonical\" href=\"https:\/\/manaraise.com\/tr\/organizasyonel-gelisim\/\" \/>\n<meta property=\"og:locale\" content=\"en_US\" \/>\n<meta property=\"og:type\" content=\"article\" \/>\n<meta property=\"og:title\" content=\"ORGAN\u0130ZASYONEL GEL\u0130\u015e\u0130M - Manaraise\" \/>\n<meta property=\"og:url\" content=\"https:\/\/manaraise.com\/tr\/organizasyonel-gelisim\/\" \/>\n<meta property=\"og:site_name\" content=\"Manaraise\" \/>\n<meta property=\"article:publisher\" content=\"https:\/\/www.facebook.com\/manaraise\" \/>\n<meta property=\"article:modified_time\" content=\"2021-12-23T14:29:36+00:00\" \/>\n<meta property=\"og:image\" content=\"https:\/\/manaraise.com\/tr\/wp-content\/uploads\/sites\/2\/2026\/03\/1_Fuar_Logo_EduCampusManaraise-1-scaled.png\" \/>\n\t<meta property=\"og:image:width\" content=\"2560\" \/>\n\t<meta property=\"og:image:height\" content=\"1280\" \/>\n\t<meta property=\"og:image:type\" content=\"image\/png\" \/>\n<meta name=\"twitter:card\" content=\"summary_large_image\" \/>\n<meta name=\"twitter:label1\" content=\"Est. reading time\" \/>\n\t<meta name=\"twitter:data1\" content=\"1 minute\" \/>\n<script type=\"application\/ld+json\" class=\"yoast-schema-graph\">{\"@context\":\"https:\/\/schema.org\",\"@graph\":[{\"@type\":\"WebPage\",\"@id\":\"https:\/\/manaraise.com\/tr\/organizasyonel-gelisim\/\",\"url\":\"https:\/\/manaraise.com\/tr\/organizasyonel-gelisim\/\",\"name\":\"ORGAN\u0130ZASYONEL GEL\u0130\u015e\u0130M - Manaraise\",\"isPartOf\":{\"@id\":\"https:\/\/manaraise.com\/tr\/#website\"},\"datePublished\":\"2021-02-05T13:43:46+00:00\",\"dateModified\":\"2021-12-23T14:29:36+00:00\",\"breadcrumb\":{\"@id\":\"https:\/\/manaraise.com\/tr\/organizasyonel-gelisim\/#breadcrumb\"},\"inLanguage\":\"en-US\",\"potentialAction\":[{\"@type\":\"ReadAction\",\"target\":[\"https:\/\/manaraise.com\/tr\/organizasyonel-gelisim\/\"]}]},{\"@type\":\"BreadcrumbList\",\"@id\":\"https:\/\/manaraise.com\/tr\/organizasyonel-gelisim\/#breadcrumb\",\"itemListElement\":[{\"@type\":\"ListItem\",\"position\":1,\"name\":\"Home\",\"item\":\"https:\/\/manaraise.com\/tr\/\"},{\"@type\":\"ListItem\",\"position\":2,\"name\":\"ORGAN\u0130ZASYONEL GEL\u0130\u015e\u0130M\"}]},{\"@type\":\"WebSite\",\"@id\":\"https:\/\/manaraise.com\/tr\/#website\",\"url\":\"https:\/\/manaraise.com\/tr\/\",\"name\":\"Manaraise\",\"description\":\"Manaraise Consultancy | Uluslararas\u0131 E\u011fitim ve Stratejik Dan\u0131\u015fmanl\u0131k\",\"publisher\":{\"@id\":\"https:\/\/manaraise.com\/tr\/#organization\"},\"potentialAction\":[{\"@type\":\"SearchAction\",\"target\":{\"@type\":\"EntryPoint\",\"urlTemplate\":\"https:\/\/manaraise.com\/tr\/?s={search_term_string}\"},\"query-input\":{\"@type\":\"PropertyValueSpecification\",\"valueRequired\":true,\"valueName\":\"search_term_string\"}}],\"inLanguage\":\"en-US\"},{\"@type\":\"Organization\",\"@id\":\"https:\/\/manaraise.com\/tr\/#organization\",\"name\":\"Manaraise\",\"url\":\"https:\/\/manaraise.com\/tr\/\",\"logo\":{\"@type\":\"ImageObject\",\"inLanguage\":\"en-US\",\"@id\":\"https:\/\/manaraise.com\/tr\/#\/schema\/logo\/image\/\",\"url\":\"https:\/\/manaraise.com\/tr\/wp-content\/uploads\/sites\/2\/2026\/03\/1_Fuar_Logo_EduCampusManaraise-1-scaled.png\",\"contentUrl\":\"https:\/\/manaraise.com\/tr\/wp-content\/uploads\/sites\/2\/2026\/03\/1_Fuar_Logo_EduCampusManaraise-1-scaled.png\",\"width\":2560,\"height\":1280,\"caption\":\"Manaraise\"},\"image\":{\"@id\":\"https:\/\/manaraise.com\/tr\/#\/schema\/logo\/image\/\"},\"sameAs\":[\"https:\/\/www.facebook.com\/manaraise\",\"https:\/\/www.instagram.com\/manaraise\"]}]}<\/script>\n<!-- \/ Yoast SEO plugin. -->","yoast_head_json":{"title":"ORGAN\u0130ZASYONEL GEL\u0130\u015e\u0130M - Manaraise","robots":{"index":"index","follow":"follow","max-snippet":"max-snippet:-1","max-image-preview":"max-image-preview:large","max-video-preview":"max-video-preview:-1"},"canonical":"https:\/\/manaraise.com\/tr\/organizasyonel-gelisim\/","og_locale":"en_US","og_type":"article","og_title":"ORGAN\u0130ZASYONEL GEL\u0130\u015e\u0130M - Manaraise","og_url":"https:\/\/manaraise.com\/tr\/organizasyonel-gelisim\/","og_site_name":"Manaraise","article_publisher":"https:\/\/www.facebook.com\/manaraise","article_modified_time":"2021-12-23T14:29:36+00:00","og_image":[{"width":2560,"height":1280,"url":"https:\/\/manaraise.com\/tr\/wp-content\/uploads\/sites\/2\/2026\/03\/1_Fuar_Logo_EduCampusManaraise-1-scaled.png","type":"image\/png"}],"twitter_card":"summary_large_image","twitter_misc":{"Est. reading time":"1 minute"},"schema":{"@context":"https:\/\/schema.org","@graph":[{"@type":"WebPage","@id":"https:\/\/manaraise.com\/tr\/organizasyonel-gelisim\/","url":"https:\/\/manaraise.com\/tr\/organizasyonel-gelisim\/","name":"ORGAN\u0130ZASYONEL GEL\u0130\u015e\u0130M - Manaraise","isPartOf":{"@id":"https:\/\/manaraise.com\/tr\/#website"},"datePublished":"2021-02-05T13:43:46+00:00","dateModified":"2021-12-23T14:29:36+00:00","breadcrumb":{"@id":"https:\/\/manaraise.com\/tr\/organizasyonel-gelisim\/#breadcrumb"},"inLanguage":"en-US","potentialAction":[{"@type":"ReadAction","target":["https:\/\/manaraise.com\/tr\/organizasyonel-gelisim\/"]}]},{"@type":"BreadcrumbList","@id":"https:\/\/manaraise.com\/tr\/organizasyonel-gelisim\/#breadcrumb","itemListElement":[{"@type":"ListItem","position":1,"name":"Home","item":"https:\/\/manaraise.com\/tr\/"},{"@type":"ListItem","position":2,"name":"ORGAN\u0130ZASYONEL GEL\u0130\u015e\u0130M"}]},{"@type":"WebSite","@id":"https:\/\/manaraise.com\/tr\/#website","url":"https:\/\/manaraise.com\/tr\/","name":"Manaraise","description":"Manaraise Consultancy | Uluslararas\u0131 E\u011fitim ve Stratejik Dan\u0131\u015fmanl\u0131k","publisher":{"@id":"https:\/\/manaraise.com\/tr\/#organization"},"potentialAction":[{"@type":"SearchAction","target":{"@type":"EntryPoint","urlTemplate":"https:\/\/manaraise.com\/tr\/?s={search_term_string}"},"query-input":{"@type":"PropertyValueSpecification","valueRequired":true,"valueName":"search_term_string"}}],"inLanguage":"en-US"},{"@type":"Organization","@id":"https:\/\/manaraise.com\/tr\/#organization","name":"Manaraise","url":"https:\/\/manaraise.com\/tr\/","logo":{"@type":"ImageObject","inLanguage":"en-US","@id":"https:\/\/manaraise.com\/tr\/#\/schema\/logo\/image\/","url":"https:\/\/manaraise.com\/tr\/wp-content\/uploads\/sites\/2\/2026\/03\/1_Fuar_Logo_EduCampusManaraise-1-scaled.png","contentUrl":"https:\/\/manaraise.com\/tr\/wp-content\/uploads\/sites\/2\/2026\/03\/1_Fuar_Logo_EduCampusManaraise-1-scaled.png","width":2560,"height":1280,"caption":"Manaraise"},"image":{"@id":"https:\/\/manaraise.com\/tr\/#\/schema\/logo\/image\/"},"sameAs":["https:\/\/www.facebook.com\/manaraise","https:\/\/www.instagram.com\/manaraise"]}]}},"_links":{"self":[{"href":"https:\/\/manaraise.com\/tr\/wp-json\/wp\/v2\/pages\/677","targetHints":{"allow":["GET"]}}],"collection":[{"href":"https:\/\/manaraise.com\/tr\/wp-json\/wp\/v2\/pages"}],"about":[{"href":"https:\/\/manaraise.com\/tr\/wp-json\/wp\/v2\/types\/page"}],"author":[{"embeddable":true,"href":"https:\/\/manaraise.com\/tr\/wp-json\/wp\/v2\/users\/1"}],"replies":[{"embeddable":true,"href":"https:\/\/manaraise.com\/tr\/wp-json\/wp\/v2\/comments?post=677"}],"version-history":[{"count":81,"href":"https:\/\/manaraise.com\/tr\/wp-json\/wp\/v2\/pages\/677\/revisions"}],"predecessor-version":[{"id":1318,"href":"https:\/\/manaraise.com\/tr\/wp-json\/wp\/v2\/pages\/677\/revisions\/1318"}],"wp:attachment":[{"href":"https:\/\/manaraise.com\/tr\/wp-json\/wp\/v2\/media?parent=677"}],"curies":[{"name":"wp","href":"https:\/\/api.w.org\/{rel}","templated":true}]}}