{"id":373,"date":"2021-02-03T20:49:19","date_gmt":"2021-02-03T20:49:19","guid":{"rendered":"http:\/\/manaraise.com\/tr\/?page_id=373"},"modified":"2021-12-23T14:40:47","modified_gmt":"2021-12-23T14:40:47","slug":"varolusumuz","status":"publish","type":"page","link":"https:\/\/manaraise.com\/tr\/varolusumuz\/","title":{"rendered":"Varolu\u015fumuz"},"content":{"rendered":"\n\n\nVar Olu\u015f GAYEM\u0130Z&#8230;\n\n\n\n\n\n\n\n\u00c7\u00fcnk\u00fc B\u0130z\n\n<span style=\"font-size: 16px;\"><\/span><span style=\"background-color: transparent;\"><\/span><p style=\"text-align: center; \"><span style=\"font-size: 16px; font-family: Poppins, Geneva, sans-serif;\">\u0130nan\u0131yoruz ki teknolojide, bilimde, farkl\u0131la\u015fan i\u015f yap\u0131\u015f \u015fekillerinde de\u011fi\u015fen her ne olursa olsun g\u00fc\u00e7lerini birle\u015ftirenler ba\u015far\u0131l\u0131 olacaklard\u0131r.<\/span><\/p><p style=\"text-align: center; \"><span style=\"font-size: 16px; font-family: Poppins, Geneva, sans-serif;\">Daha iyiye eri\u015fmek isteyenler do\u011fru ki\u015fi ve kurumlarla \u00e7al\u0131\u015fma aray\u0131\u015f\u0131na gireceklerdir.<\/span><\/p><p style=\"text-align: center; \"><span style=\"font-size: 16px; font-family: Poppins, Geneva, sans-serif;\">De\u011fi\u015fime adaptasyon i\u00e7in ad\u0131m atm\u0131\u015f fakat att\u0131klar\u0131 ad\u0131mlar\u0131n ara de\u011ferlendirmelerini ba\u011f\u0131ms\u0131z bir uzman kurulu\u015fun yapmas\u0131n\u0131 tercih edeceklerdir.&nbsp;<\/span><\/p><p style=\"text-align: center; \"><span style=\"font-size: 16px; font-family: Poppins, Geneva, sans-serif;\">Kurulu\u015flar\u0131 ya da kendileri i\u00e7in neyi, nas\u0131l, hangi zamanda , ne \u00e7e\u015fit bir planlama ile yapmalar\u0131n\u0131n en do\u011fru olaca\u011f\u0131 konusunda hen\u00fcz karar verememi\u015f olanlar kendilerine \u0131\u015f\u0131k tutacak bir rehber aray\u0131\u015f\u0131na gireceklerdir.<\/span><\/p><p style=\"text-align: center; \"><span style=\"font-size: 16px; font-family: Poppins, Geneva, sans-serif;\">MANARAISE olarak biz g\u00fcvenilir de\u011ferlendirmeler yapan, \u00f6l\u00e7\u00fclebilir ve uygulanabilir yol haritalar\u0131 \u00e7izen, \u00e7al\u0131\u015ft\u0131\u011f\u0131 kurulu\u015f ve ki\u015filerle sonuca d\u00f6n\u00fck ve memnuniyet getirici i\u015f birlikleri kurmak gayesiyle var\u0131z&#8230;<\/span><\/p><p style=\"text-align: center; \"><span style=\"font-size: 16px; font-family: Poppins, Geneva, sans-serif;\">Biz deneyimimizi, uzmanl\u0131\u011f\u0131m\u0131z\u0131, g\u00fcvenilir i\u015f yap\u0131\u015f tarz\u0131m\u0131z\u0131 faydaya d\u00f6n\u00fck olarak birle\u015ftirmeye haz\u0131r\u0131z. Bu sat\u0131rlar\u0131 okudu\u011funuza g\u00f6re sizin de haz\u0131r oldu\u011funuzu d\u00fc\u015f\u00fcn\u00fcyoruz.<\/span><\/p><p style=\"text-align: center; \"><span style=\"font-size: 16px; font-family: Poppins, Geneva, sans-serif;\">O halde ba\u015flayal\u0131m&#8230;<\/span><\/p>\n\n\n\n\n\n\n\n\n\n\n\n\n\n\n\n\n\n\n\n\n\n","protected":false},"excerpt":{"rendered":"","protected":false},"author":1,"featured_media":0,"parent":0,"menu_order":0,"comment_status":"closed","ping_status":"closed","template":"","meta":{"pagelayer_contact_templates":[],"_pagelayer_content":"","_joinchat":{"telephone":"+447724650680","view":"yes"},"footnotes":""},"class_list":["post-373","page","type-page","status-publish","hentry"],"yoast_head":"<!-- This site is optimized with the Yoast SEO plugin v27.0 - https:\/\/yoast.com\/product\/yoast-seo-wordpress\/ -->\n<title>Varolu\u015fumuz - Manaraise<\/title>\n<meta name=\"robots\" content=\"index, follow, max-snippet:-1, max-image-preview:large, max-video-preview:-1\" \/>\n<link rel=\"canonical\" href=\"https:\/\/manaraise.com\/tr\/varolusumuz\/\" \/>\n<meta property=\"og:locale\" content=\"en_US\" \/>\n<meta property=\"og:type\" content=\"article\" \/>\n<meta property=\"og:title\" content=\"Varolu\u015fumuz - Manaraise\" \/>\n<meta property=\"og:url\" content=\"https:\/\/manaraise.com\/tr\/varolusumuz\/\" \/>\n<meta property=\"og:site_name\" content=\"Manaraise\" \/>\n<meta property=\"article:publisher\" content=\"https:\/\/www.facebook.com\/manaraise\" \/>\n<meta property=\"article:modified_time\" content=\"2021-12-23T14:40:47+00:00\" \/>\n<meta property=\"og:image\" content=\"https:\/\/manaraise.com\/tr\/wp-content\/uploads\/sites\/2\/2026\/03\/1_Fuar_Logo_EduCampusManaraise-1-scaled.png\" \/>\n\t<meta property=\"og:image:width\" content=\"2560\" \/>\n\t<meta property=\"og:image:height\" content=\"1280\" \/>\n\t<meta property=\"og:image:type\" content=\"image\/png\" \/>\n<meta name=\"twitter:card\" content=\"summary_large_image\" \/>\n<meta name=\"twitter:label1\" content=\"Est. reading time\" \/>\n\t<meta name=\"twitter:data1\" content=\"1 minute\" \/>\n<script type=\"application\/ld+json\" class=\"yoast-schema-graph\">{\"@context\":\"https:\/\/schema.org\",\"@graph\":[{\"@type\":\"WebPage\",\"@id\":\"https:\/\/manaraise.com\/tr\/varolusumuz\/\",\"url\":\"https:\/\/manaraise.com\/tr\/varolusumuz\/\",\"name\":\"Varolu\u015fumuz - Manaraise\",\"isPartOf\":{\"@id\":\"https:\/\/manaraise.com\/tr\/#website\"},\"datePublished\":\"2021-02-03T20:49:19+00:00\",\"dateModified\":\"2021-12-23T14:40:47+00:00\",\"breadcrumb\":{\"@id\":\"https:\/\/manaraise.com\/tr\/varolusumuz\/#breadcrumb\"},\"inLanguage\":\"en-US\",\"potentialAction\":[{\"@type\":\"ReadAction\",\"target\":[\"https:\/\/manaraise.com\/tr\/varolusumuz\/\"]}]},{\"@type\":\"BreadcrumbList\",\"@id\":\"https:\/\/manaraise.com\/tr\/varolusumuz\/#breadcrumb\",\"itemListElement\":[{\"@type\":\"ListItem\",\"position\":1,\"name\":\"Home\",\"item\":\"https:\/\/manaraise.com\/tr\/\"},{\"@type\":\"ListItem\",\"position\":2,\"name\":\"Varolu\u015fumuz\"}]},{\"@type\":\"WebSite\",\"@id\":\"https:\/\/manaraise.com\/tr\/#website\",\"url\":\"https:\/\/manaraise.com\/tr\/\",\"name\":\"Manaraise\",\"description\":\"Manaraise Consultancy | Uluslararas\u0131 E\u011fitim ve Stratejik Dan\u0131\u015fmanl\u0131k\",\"publisher\":{\"@id\":\"https:\/\/manaraise.com\/tr\/#organization\"},\"potentialAction\":[{\"@type\":\"SearchAction\",\"target\":{\"@type\":\"EntryPoint\",\"urlTemplate\":\"https:\/\/manaraise.com\/tr\/?s={search_term_string}\"},\"query-input\":{\"@type\":\"PropertyValueSpecification\",\"valueRequired\":true,\"valueName\":\"search_term_string\"}}],\"inLanguage\":\"en-US\"},{\"@type\":\"Organization\",\"@id\":\"https:\/\/manaraise.com\/tr\/#organization\",\"name\":\"Manaraise\",\"url\":\"https:\/\/manaraise.com\/tr\/\",\"logo\":{\"@type\":\"ImageObject\",\"inLanguage\":\"en-US\",\"@id\":\"https:\/\/manaraise.com\/tr\/#\/schema\/logo\/image\/\",\"url\":\"https:\/\/manaraise.com\/tr\/wp-content\/uploads\/sites\/2\/2026\/03\/1_Fuar_Logo_EduCampusManaraise-1-scaled.png\",\"contentUrl\":\"https:\/\/manaraise.com\/tr\/wp-content\/uploads\/sites\/2\/2026\/03\/1_Fuar_Logo_EduCampusManaraise-1-scaled.png\",\"width\":2560,\"height\":1280,\"caption\":\"Manaraise\"},\"image\":{\"@id\":\"https:\/\/manaraise.com\/tr\/#\/schema\/logo\/image\/\"},\"sameAs\":[\"https:\/\/www.facebook.com\/manaraise\",\"https:\/\/www.instagram.com\/manaraise\"]}]}<\/script>\n<!-- \/ Yoast SEO plugin. -->","yoast_head_json":{"title":"Varolu\u015fumuz - Manaraise","robots":{"index":"index","follow":"follow","max-snippet":"max-snippet:-1","max-image-preview":"max-image-preview:large","max-video-preview":"max-video-preview:-1"},"canonical":"https:\/\/manaraise.com\/tr\/varolusumuz\/","og_locale":"en_US","og_type":"article","og_title":"Varolu\u015fumuz - Manaraise","og_url":"https:\/\/manaraise.com\/tr\/varolusumuz\/","og_site_name":"Manaraise","article_publisher":"https:\/\/www.facebook.com\/manaraise","article_modified_time":"2021-12-23T14:40:47+00:00","og_image":[{"width":2560,"height":1280,"url":"https:\/\/manaraise.com\/tr\/wp-content\/uploads\/sites\/2\/2026\/03\/1_Fuar_Logo_EduCampusManaraise-1-scaled.png","type":"image\/png"}],"twitter_card":"summary_large_image","twitter_misc":{"Est. reading time":"1 minute"},"schema":{"@context":"https:\/\/schema.org","@graph":[{"@type":"WebPage","@id":"https:\/\/manaraise.com\/tr\/varolusumuz\/","url":"https:\/\/manaraise.com\/tr\/varolusumuz\/","name":"Varolu\u015fumuz - Manaraise","isPartOf":{"@id":"https:\/\/manaraise.com\/tr\/#website"},"datePublished":"2021-02-03T20:49:19+00:00","dateModified":"2021-12-23T14:40:47+00:00","breadcrumb":{"@id":"https:\/\/manaraise.com\/tr\/varolusumuz\/#breadcrumb"},"inLanguage":"en-US","potentialAction":[{"@type":"ReadAction","target":["https:\/\/manaraise.com\/tr\/varolusumuz\/"]}]},{"@type":"BreadcrumbList","@id":"https:\/\/manaraise.com\/tr\/varolusumuz\/#breadcrumb","itemListElement":[{"@type":"ListItem","position":1,"name":"Home","item":"https:\/\/manaraise.com\/tr\/"},{"@type":"ListItem","position":2,"name":"Varolu\u015fumuz"}]},{"@type":"WebSite","@id":"https:\/\/manaraise.com\/tr\/#website","url":"https:\/\/manaraise.com\/tr\/","name":"Manaraise","description":"Manaraise Consultancy | Uluslararas\u0131 E\u011fitim ve Stratejik Dan\u0131\u015fmanl\u0131k","publisher":{"@id":"https:\/\/manaraise.com\/tr\/#organization"},"potentialAction":[{"@type":"SearchAction","target":{"@type":"EntryPoint","urlTemplate":"https:\/\/manaraise.com\/tr\/?s={search_term_string}"},"query-input":{"@type":"PropertyValueSpecification","valueRequired":true,"valueName":"search_term_string"}}],"inLanguage":"en-US"},{"@type":"Organization","@id":"https:\/\/manaraise.com\/tr\/#organization","name":"Manaraise","url":"https:\/\/manaraise.com\/tr\/","logo":{"@type":"ImageObject","inLanguage":"en-US","@id":"https:\/\/manaraise.com\/tr\/#\/schema\/logo\/image\/","url":"https:\/\/manaraise.com\/tr\/wp-content\/uploads\/sites\/2\/2026\/03\/1_Fuar_Logo_EduCampusManaraise-1-scaled.png","contentUrl":"https:\/\/manaraise.com\/tr\/wp-content\/uploads\/sites\/2\/2026\/03\/1_Fuar_Logo_EduCampusManaraise-1-scaled.png","width":2560,"height":1280,"caption":"Manaraise"},"image":{"@id":"https:\/\/manaraise.com\/tr\/#\/schema\/logo\/image\/"},"sameAs":["https:\/\/www.facebook.com\/manaraise","https:\/\/www.instagram.com\/manaraise"]}]}},"_links":{"self":[{"href":"https:\/\/manaraise.com\/tr\/wp-json\/wp\/v2\/pages\/373","targetHints":{"allow":["GET"]}}],"collection":[{"href":"https:\/\/manaraise.com\/tr\/wp-json\/wp\/v2\/pages"}],"about":[{"href":"https:\/\/manaraise.com\/tr\/wp-json\/wp\/v2\/types\/page"}],"author":[{"embeddable":true,"href":"https:\/\/manaraise.com\/tr\/wp-json\/wp\/v2\/users\/1"}],"replies":[{"embeddable":true,"href":"https:\/\/manaraise.com\/tr\/wp-json\/wp\/v2\/comments?post=373"}],"version-history":[{"count":18,"href":"https:\/\/manaraise.com\/tr\/wp-json\/wp\/v2\/pages\/373\/revisions"}],"predecessor-version":[{"id":1322,"href":"https:\/\/manaraise.com\/tr\/wp-json\/wp\/v2\/pages\/373\/revisions\/1322"}],"wp:attachment":[{"href":"https:\/\/manaraise.com\/tr\/wp-json\/wp\/v2\/media?parent=373"}],"curies":[{"name":"wp","href":"https:\/\/api.w.org\/{rel}","templated":true}]}}